{"id":774,"date":"2025-07-14T16:28:57","date_gmt":"2025-07-14T13:28:57","guid":{"rendered":"https:\/\/www.ingves.fi\/lahjakortit\/"},"modified":"2026-03-06T10:37:45","modified_gmt":"2026-03-06T08:37:45","slug":"lahjakortit","status":"publish","type":"page","link":"https:\/\/www.ingves.fi\/fi\/lahjakortit\/","title":{"rendered":"Lahjakortit"},"content":{"rendered":"\t\t<div data-elementor-type=\"wp-page\" data-elementor-id=\"774\" class=\"elementor elementor-774 elementor-201\" data-elementor-post-type=\"page\">\n\t\t\t\t<div class=\"elementor-element elementor-element-71389e7 e-flex e-con-boxed e-con e-parent\" data-id=\"71389e7\" data-element_type=\"container\" data-e-type=\"container\">\n\t\t\t\t\t<div class=\"e-con-inner\">\n\t\t\t\t<div class=\"elementor-element elementor-element-39d385e elementor-widget elementor-widget-heading\" data-id=\"39d385e\" data-element_type=\"widget\" data-e-type=\"widget\" data-widget_type=\"heading.default\">\n\t\t\t\t<div class=\"elementor-widget-container\">\n\t\t\t\t\t<h1 class=\"elementor-heading-title elementor-size-default\">Lahjakortit<\/h1>\t\t\t\t<\/div>\n\t\t\t\t<\/div>\n\t\t\t\t\t<\/div>\n\t\t\t\t<\/div>\n\t\t<div class=\"elementor-element elementor-element-dfec0db e-flex e-con-boxed e-con e-parent\" data-id=\"dfec0db\" data-element_type=\"container\" data-e-type=\"container\">\n\t\t\t\t\t<div class=\"e-con-inner\">\n\t\t<div class=\"elementor-element elementor-element-2c3bbc3 e-con-full e-flex e-con e-child\" data-id=\"2c3bbc3\" data-element_type=\"container\" data-e-type=\"container\">\n\t\t\t\t<div class=\"elementor-element elementor-element-716dcfa elementor-widget elementor-widget-image\" data-id=\"716dcfa\" data-element_type=\"widget\" data-e-type=\"widget\" data-widget_type=\"image.default\">\n\t\t\t\t<div class=\"elementor-widget-container\">\n\t\t\t\t\t\t\t\t\t\t\t\t\t\t\t<img fetchpriority=\"high\" decoding=\"async\" width=\"800\" height=\"802\" src=\"https:\/\/www.ingves.fi\/wp-content\/uploads\/2025\/09\/Presentkort_1.jpg\" class=\"attachment-large size-large wp-image-2274\" alt=\"\" srcset=\"https:\/\/www.ingves.fi\/wp-content\/uploads\/2025\/09\/Presentkort_1.jpg 926w, https:\/\/www.ingves.fi\/wp-content\/uploads\/2025\/09\/Presentkort_1-300x300.jpg 300w, https:\/\/www.ingves.fi\/wp-content\/uploads\/2025\/09\/Presentkort_1-150x150.jpg 150w, https:\/\/www.ingves.fi\/wp-content\/uploads\/2025\/09\/Presentkort_1-768x770.jpg 768w\" sizes=\"(max-width: 800px) 100vw, 800px\" \/>\t\t\t\t\t\t\t\t\t\t\t\t\t\t\t<\/div>\n\t\t\t\t<\/div>\n\t\t\t\t<\/div>\n\t\t<div class=\"elementor-element elementor-element-8c21fef e-con-full e-flex e-con e-child\" data-id=\"8c21fef\" data-element_type=\"container\" data-e-type=\"container\">\n\t\t\t\t<div class=\"elementor-element elementor-element-6aab3af elementor-widget elementor-widget-text-editor\" data-id=\"6aab3af\" data-element_type=\"widget\" data-e-type=\"widget\" data-widget_type=\"text-editor.default\">\n\t\t\t\t<div class=\"elementor-widget-container\">\n\t\t\t\t\t\t\t\t\t<h3><em><b>Anna lahjaksi muistoja elini\u00e4ksi<\/b><\/em><\/h3><p>Parhaat lahjat eiv\u00e4t ole tavaroita, vaan el\u00e4myksi\u00e4. Ingves Travelin lahjakortilla vastaanottaja voi itse valita unelmiensa matkan valikoimastamme. Lahjakortti kelpaa mihin tahansa Ingves Travelin tuottamaan tai v\u00e4litt\u00e4m\u00e4\u00e4n matkaan.<\/p><p>Lahja t\u00e4ynn\u00e4 matkustusintoa, muistoja ja uusia kokemuksia!<\/p><ul><li><p>Lahjakorttia voi k\u00e4ytt\u00e4\u00e4 yksi per matka.<\/p><\/li><li><p>Lahjakortti on voimassa 1 vuoden ostop\u00e4iv\u00e4st\u00e4.<\/p><\/li><li><p>Lahjakorttia ei voi vaihtaa rahaksi ja se kelpaa ainoastaan Ingves Travelin matkoihin.<\/p><\/li><li><p>Ei voi yhdist\u00e4\u00e4 muihin alennuskortteihin.<\/p><\/li><\/ul><p>T\u00e4yt\u00e4 tietosi alle, niin l\u00e4het\u00e4mme lahjakortin ja laskun sinulle.<\/p>\t\t\t\t\t\t\t\t<\/div>\n\t\t\t\t<\/div>\n\t\t\t\t<\/div>\n\t\t\t\t\t<\/div>\n\t\t\t\t<\/div>\n\t\t<div class=\"elementor-element elementor-element-f5f43ef e-flex e-con-boxed e-con e-parent\" data-id=\"f5f43ef\" data-element_type=\"container\" data-e-type=\"container\">\n\t\t\t\t\t<div class=\"e-con-inner\">\n\t\t\t\t<div class=\"elementor-element elementor-element-c2debb5 elementor-button-align-stretch elementor-widget elementor-widget-form\" data-id=\"c2debb5\" data-element_type=\"widget\" data-e-type=\"widget\" data-settings=\"{&quot;step_next_label&quot;:&quot;Seuraava sivu&quot;,&quot;step_previous_label&quot;:&quot;Edellinen&quot;,&quot;button_width&quot;:&quot;100&quot;,&quot;step_type&quot;:&quot;number_text&quot;,&quot;step_icon_shape&quot;:&quot;circle&quot;}\" data-widget_type=\"form.default\">\n\t\t\t\t<div class=\"elementor-widget-container\">\n\t\t\t\t\t\t\t<form class=\"elementor-form\" method=\"post\" name=\"Uusi lomake\" aria-label=\"Uusi lomake\">\n\t\t\t<input type=\"hidden\" name=\"post_id\" value=\"774\"\/>\n\t\t\t<input type=\"hidden\" name=\"form_id\" value=\"c2debb5\"\/>\n\t\t\t<input type=\"hidden\" name=\"referer_title\" value=\"Lahjakortit - Ingves Travel\" \/>\n\n\t\t\t\t\t\t\t<input type=\"hidden\" name=\"queried_id\" value=\"774\"\/>\n\t\t\t\n\t\t\t<div class=\"elementor-form-fields-wrapper elementor-labels-\">\n\t\t\t\t\t\t\t\t<div class=\"elementor-field-type-text elementor-field-group elementor-column elementor-field-group-field_6caa558 elementor-col-30 elementor-field-required\">\n\t\t\t\t\t\t\t\t\t\t\t\t<label for=\"form-field-field_6caa558\" class=\"elementor-field-label elementor-screen-only\">\n\t\t\t\t\t\t\t\tLahjakorttien arvo\t\t\t\t\t\t\t<\/label>\n\t\t\t\t\t\t\t\t\t\t\t\t\t\t<input size=\"1\" type=\"text\" name=\"form_fields[field_6caa558]\" id=\"form-field-field_6caa558\" class=\"elementor-field elementor-size-sm  elementor-field-textual\" placeholder=\"Lahjakorttien arvo euroina (\u20ac) *\" required=\"required\">\n\t\t\t\t\t\t\t\t\t\t\t<\/div>\n\t\t\t\t\t\t\t\t<div class=\"elementor-field-type-text elementor-field-group elementor-column elementor-field-group-field_501f5a5 elementor-col-70\">\n\t\t\t\t\t\t\t\t\t\t\t\t<label for=\"form-field-field_501f5a5\" class=\"elementor-field-label elementor-screen-only\">\n\t\t\t\t\t\t\t\tVastaanottaja\t\t\t\t\t\t\t<\/label>\n\t\t\t\t\t\t\t\t\t\t\t\t\t\t<input size=\"1\" type=\"text\" name=\"form_fields[field_501f5a5]\" id=\"form-field-field_501f5a5\" class=\"elementor-field elementor-size-sm  elementor-field-textual\" placeholder=\"Vastaanottaja *\">\n\t\t\t\t\t\t\t\t\t\t\t<\/div>\n\t\t\t\t\t\t\t\t<div class=\"elementor-field-type-html elementor-field-group elementor-column elementor-field-group-field_f20c5cf elementor-col-100\">\n\t\t\t\t\t<h4>Tilaajan toimittamat tiedot<\/h4>\t\t\t\t<\/div>\n\t\t\t\t\t\t\t\t<div class=\"elementor-field-type-radio elementor-field-group elementor-column elementor-field-group-field_982d707 elementor-col-100 elementor-field-required\">\n\t\t\t\t\t\t\t\t\t\t\t\t<label for=\"form-field-field_982d707\" class=\"elementor-field-label elementor-screen-only\">\n\t\t\t\t\t\t\t\tYksityishenkil\u00f6 tai yritys\t\t\t\t\t\t\t<\/label>\n\t\t\t\t\t\t<div class=\"elementor-field-subgroup  elementor-subgroup-inline\"><span class=\"elementor-field-option\"><input type=\"radio\" value=\"Yksityishenkil\u00f6\" id=\"form-field-field_982d707-0\" name=\"form_fields[field_982d707]\" required=\"required\"> <label for=\"form-field-field_982d707-0\">Yksityishenkil\u00f6<\/label><\/span><span class=\"elementor-field-option\"><input type=\"radio\" value=\"Yritys\" id=\"form-field-field_982d707-1\" name=\"form_fields[field_982d707]\" required=\"required\"> <label for=\"form-field-field_982d707-1\">Yritys<\/label><\/span><span class=\"elementor-field-option\"><input type=\"radio\" value=\"Organisaatio\/koulu\" id=\"form-field-field_982d707-2\" name=\"form_fields[field_982d707]\" required=\"required\"> <label for=\"form-field-field_982d707-2\">Organisaatio\/koulu<\/label><\/span><\/div>\t\t\t\t<\/div>\n\t\t\t\t\t\t\t\t<div class=\"elementor-field-type-text elementor-field-group elementor-column elementor-field-group-name elementor-col-100 elementor-field-required\">\n\t\t\t\t\t\t\t\t\t\t\t\t<label for=\"form-field-name\" class=\"elementor-field-label elementor-screen-only\">\n\t\t\t\t\t\t\t\tYhteyshenkil\u00f6\t\t\t\t\t\t\t<\/label>\n\t\t\t\t\t\t\t\t\t\t\t\t\t\t<input size=\"1\" type=\"text\" name=\"form_fields[name]\" id=\"form-field-name\" class=\"elementor-field elementor-size-sm  elementor-field-textual\" placeholder=\"Yhteyshenkil\u00f6 *\" required=\"required\">\n\t\t\t\t\t\t\t\t\t\t\t<\/div>\n\t\t\t\t\t\t\t\t<div class=\"elementor-field-type-text elementor-field-group elementor-column elementor-field-group-field_5d7b247 elementor-col-33 elementor-field-required\">\n\t\t\t\t\t\t\t\t\t\t\t\t<label for=\"form-field-field_5d7b247\" class=\"elementor-field-label elementor-screen-only\">\n\t\t\t\t\t\t\t\tL\u00e4hiosoite\t\t\t\t\t\t\t<\/label>\n\t\t\t\t\t\t\t\t\t\t\t\t\t\t<input size=\"1\" type=\"text\" name=\"form_fields[field_5d7b247]\" id=\"form-field-field_5d7b247\" class=\"elementor-field elementor-size-sm  elementor-field-textual\" placeholder=\"L\u00e4hiosoite *\" required=\"required\">\n\t\t\t\t\t\t\t\t\t\t\t<\/div>\n\t\t\t\t\t\t\t\t<div class=\"elementor-field-type-text elementor-field-group elementor-column elementor-field-group-field_1d8b018 elementor-col-33 elementor-field-required\">\n\t\t\t\t\t\t\t\t\t\t\t\t<label for=\"form-field-field_1d8b018\" class=\"elementor-field-label elementor-screen-only\">\n\t\t\t\t\t\t\t\tPostinumero\t\t\t\t\t\t\t<\/label>\n\t\t\t\t\t\t\t\t\t\t\t\t\t\t<input size=\"1\" type=\"text\" name=\"form_fields[field_1d8b018]\" id=\"form-field-field_1d8b018\" class=\"elementor-field elementor-size-sm  elementor-field-textual\" placeholder=\"Postinumero *\" required=\"required\">\n\t\t\t\t\t\t\t\t\t\t\t<\/div>\n\t\t\t\t\t\t\t\t<div class=\"elementor-field-type-text elementor-field-group elementor-column elementor-field-group-field_18d308b elementor-col-33 elementor-field-required\">\n\t\t\t\t\t\t\t\t\t\t\t\t<label for=\"form-field-field_18d308b\" class=\"elementor-field-label elementor-screen-only\">\n\t\t\t\t\t\t\t\tPostitoimipaikka\t\t\t\t\t\t\t<\/label>\n\t\t\t\t\t\t\t\t\t\t\t\t\t\t<input size=\"1\" type=\"text\" name=\"form_fields[field_18d308b]\" id=\"form-field-field_18d308b\" class=\"elementor-field elementor-size-sm  elementor-field-textual\" placeholder=\"Postitoimipaikka *\" required=\"required\">\n\t\t\t\t\t\t\t\t\t\t\t<\/div>\n\t\t\t\t\t\t\t\t<div class=\"elementor-field-type-text elementor-field-group elementor-column elementor-field-group-field_fc589bf elementor-col-33\">\n\t\t\t\t\t\t\t\t\t\t\t\t<label for=\"form-field-field_fc589bf\" class=\"elementor-field-label elementor-screen-only\">\n\t\t\t\t\t\t\t\tMaa\t\t\t\t\t\t\t<\/label>\n\t\t\t\t\t\t\t\t\t\t\t\t\t\t<input size=\"1\" type=\"text\" name=\"form_fields[field_fc589bf]\" id=\"form-field-field_fc589bf\" class=\"elementor-field elementor-size-sm  elementor-field-textual\" placeholder=\"Maa\">\n\t\t\t\t\t\t\t\t\t\t\t<\/div>\n\t\t\t\t\t\t\t\t<div class=\"elementor-field-type-text elementor-field-group elementor-column elementor-field-group-field_7995213 elementor-col-33 elementor-field-required\">\n\t\t\t\t\t\t\t\t\t\t\t\t<label for=\"form-field-field_7995213\" class=\"elementor-field-label elementor-screen-only\">\n\t\t\t\t\t\t\t\tPuhelinnumero\t\t\t\t\t\t\t<\/label>\n\t\t\t\t\t\t\t\t\t\t\t\t\t\t<input size=\"1\" type=\"text\" name=\"form_fields[field_7995213]\" id=\"form-field-field_7995213\" class=\"elementor-field elementor-size-sm  elementor-field-textual\" placeholder=\"Puhelinnumero *\" required=\"required\">\n\t\t\t\t\t\t\t\t\t\t\t<\/div>\n\t\t\t\t\t\t\t\t<div class=\"elementor-field-type-email elementor-field-group elementor-column elementor-field-group-email elementor-col-33 elementor-field-required\">\n\t\t\t\t\t\t\t\t\t\t\t\t<label for=\"form-field-email\" class=\"elementor-field-label elementor-screen-only\">\n\t\t\t\t\t\t\t\tS\u00e4hk\u00f6postiosoite\t\t\t\t\t\t\t<\/label>\n\t\t\t\t\t\t\t\t\t\t\t\t\t\t<input size=\"1\" type=\"email\" name=\"form_fields[email]\" id=\"form-field-email\" class=\"elementor-field elementor-size-sm  elementor-field-textual\" placeholder=\"S\u00e4hk\u00f6postiosoite *\" required=\"required\">\n\t\t\t\t\t\t\t\t\t\t\t<\/div>\n\t\t\t\t\t\t\t\t<div class=\"elementor-field-type-textarea elementor-field-group elementor-column elementor-field-group-message elementor-col-100\">\n\t\t\t\t\t\t\t\t\t\t\t\t<label for=\"form-field-message\" class=\"elementor-field-label elementor-screen-only\">\n\t\t\t\t\t\t\t\tViesti\t\t\t\t\t\t\t<\/label>\n\t\t\t\t\t\t<textarea class=\"elementor-field-textual elementor-field  elementor-size-sm\" name=\"form_fields[message]\" id=\"form-field-message\" rows=\"4\" placeholder=\"Viesti\"><\/textarea>\t\t\t\t<\/div>\n\t\t\t\t\t\t\t\t<div class=\"elementor-field-type-recaptcha_v3 elementor-field-group elementor-column elementor-field-group-field_f7580a8 elementor-col-100 recaptcha_v3-bottomright\">\n\t\t\t\t\t<div class=\"elementor-field\" id=\"form-field-field_f7580a8\"><div class=\"elementor-g-recaptcha\" data-sitekey=\"6Ld-D6orAAAAACRAdbFoDcSN0eCSLhiGLPGuHc9O\" data-type=\"v3\" data-action=\"Form\" data-badge=\"bottomright\" data-size=\"invisible\"><\/div><\/div>\t\t\t\t<\/div>\n\t\t\t\t\t\t\t\t<div class=\"elementor-field-group elementor-column elementor-field-type-submit elementor-col-100 e-form__buttons\">\n\t\t\t\t\t<button class=\"elementor-button elementor-size-sm\" type=\"submit\">\n\t\t\t\t\t\t<span class=\"elementor-button-content-wrapper\">\n\t\t\t\t\t\t\t\t\t\t\t\t\t\t\t\t\t\t\t\t\t\t<span class=\"elementor-button-text\">L\u00e4het\u00e4<\/span>\n\t\t\t\t\t\t\t\t\t\t\t\t\t<\/span>\n\t\t\t\t\t<\/button>\n\t\t\t\t<\/div>\n\t\t\t<\/div>\n\t\t<\/form>\n\t\t\t\t\t\t<\/div>\n\t\t\t\t<\/div>\n\t\t\t\t\t<\/div>\n\t\t\t\t<\/div>\n\t\t\t\t<\/div>\n\t\t","protected":false},"excerpt":{"rendered":"<p>Lahjakortit Anna lahjaksi muistoja elini\u00e4ksi Parhaat lahjat eiv\u00e4t ole tavaroita, vaan el\u00e4myksi\u00e4. Ingves Travelin lahjakortilla vastaanottaja voi itse valita unelmiensa matkan valikoimastamme. Lahjakortti kelpaa mihin tahansa Ingves Travelin tuottamaan tai v\u00e4litt\u00e4m\u00e4\u00e4n matkaan. Lahja t\u00e4ynn\u00e4 matkustusintoa, muistoja ja uusia kokemuksia! Lahjakorttia voi k\u00e4ytt\u00e4\u00e4 yksi per matka. Lahjakortti on voimassa 1 vuoden ostop\u00e4iv\u00e4st\u00e4. Lahjakorttia ei voi vaihtaa [&hellip;]<\/p>\n","protected":false},"author":1,"featured_media":0,"parent":0,"menu_order":0,"comment_status":"closed","ping_status":"closed","template":"","meta":{"footnotes":""},"class_list":["post-774","page","type-page","status-publish","hentry"],"_links":{"self":[{"href":"https:\/\/www.ingves.fi\/fi\/wp-json\/wp\/v2\/pages\/774","targetHints":{"allow":["GET"]}}],"collection":[{"href":"https:\/\/www.ingves.fi\/fi\/wp-json\/wp\/v2\/pages"}],"about":[{"href":"https:\/\/www.ingves.fi\/fi\/wp-json\/wp\/v2\/types\/page"}],"author":[{"embeddable":true,"href":"https:\/\/www.ingves.fi\/fi\/wp-json\/wp\/v2\/users\/1"}],"replies":[{"embeddable":true,"href":"https:\/\/www.ingves.fi\/fi\/wp-json\/wp\/v2\/comments?post=774"}],"version-history":[{"count":56,"href":"https:\/\/www.ingves.fi\/fi\/wp-json\/wp\/v2\/pages\/774\/revisions"}],"predecessor-version":[{"id":8338,"href":"https:\/\/www.ingves.fi\/fi\/wp-json\/wp\/v2\/pages\/774\/revisions\/8338"}],"wp:attachment":[{"href":"https:\/\/www.ingves.fi\/fi\/wp-json\/wp\/v2\/media?parent=774"}],"curies":[{"name":"wp","href":"https:\/\/api.w.org\/{rel}","templated":true}]}}