{"id":760,"date":"2025-06-17T15:08:08","date_gmt":"2025-06-17T12:08:08","guid":{"rendered":"https:\/\/www.ingves.fi\/ryhmamatkat\/"},"modified":"2026-03-06T10:32:09","modified_gmt":"2026-03-06T08:32:09","slug":"ryhmamatkat","status":"publish","type":"page","link":"https:\/\/www.ingves.fi\/fi\/ryhmamatkat\/","title":{"rendered":"Ryhm\u00e4matkat"},"content":{"rendered":"\t\t<div data-elementor-type=\"wp-page\" data-elementor-id=\"760\" class=\"elementor elementor-760 elementor-137\" data-elementor-post-type=\"page\">\n\t\t\t\t<div class=\"elementor-element elementor-element-268faba e-flex e-con-boxed e-con e-parent\" data-id=\"268faba\" data-element_type=\"container\" data-e-type=\"container\">\n\t\t\t\t\t<div class=\"e-con-inner\">\n\t\t\t\t<div class=\"elementor-element elementor-element-b5e87fb elementor-widget elementor-widget-heading\" data-id=\"b5e87fb\" data-element_type=\"widget\" data-e-type=\"widget\" data-widget_type=\"heading.default\">\n\t\t\t\t<div class=\"elementor-widget-container\">\n\t\t\t\t\t<h1 class=\"elementor-heading-title elementor-size-default\">Ryhm\u00e4matkat<\/h1>\t\t\t\t<\/div>\n\t\t\t\t<\/div>\n\t\t\t\t\t<\/div>\n\t\t\t\t<\/div>\n\t\t<div class=\"elementor-element elementor-element-91ca09e e-flex e-con-boxed e-con e-parent\" data-id=\"91ca09e\" data-element_type=\"container\" data-e-type=\"container\">\n\t\t\t\t\t<div class=\"e-con-inner\">\n\t\t<div class=\"elementor-element elementor-element-d8ca013 e-con-full e-flex e-con e-child\" data-id=\"d8ca013\" data-element_type=\"container\" data-e-type=\"container\">\n\t\t\t\t<div class=\"elementor-element elementor-element-61601c8 elementor-widget elementor-widget-text-editor\" data-id=\"61601c8\" data-element_type=\"widget\" data-e-type=\"widget\" data-widget_type=\"text-editor.default\">\n\t\t\t\t<div class=\"elementor-widget-container\">\n\t\t\t\t\t\t\t\t\t<h3>R\u00e4\u00e4t\u00e4l\u00f6ityj\u00e4 el\u00e4mysmatkoja ryhm\u00e4llesi!<\/h3><p>Halusittepa matkustaa bussilla, lent\u00e4en tai laivalla, luomme t\u00e4ydellisen matkan juuri teid\u00e4n ryhm\u00e4llenne. Yhdess\u00e4 yhteisty\u00f6kumppanimme bussiyhti\u00f6 INGSVAn kanssa tarjoamme moderneja ja mukavia, korkealuokkaisia turistibusseja \u2013 t\u00e4ydellisi\u00e4 niin lyhyille p\u00e4iv\u00e4retkille kuin pidemmille kiertomatkoille Pohjoismaissa, Baltiassa ja muualla Euroopassa.<\/p><p>Voitte itse valita, haluatteko lent\u00e4\u00e4 suoraan kohteeseen vai matkustaa koko matkan bussilla Suomesta. Esimerkiksi viinimatkoilla lenn\u00e4mme Euroopan kohteisiin, joissa liikumme omalla linja-autollamme, jolla my\u00f6s palaamme Suomeen. Suunnittelemme matkan pienint\u00e4 yksityiskohtaa my\u00f6ten toiveidenne mukaisesti \u2013 kaikki jotta saisitte sujuvan, turvallisen ja ikimuistoisen kokemuksen.<\/p><p>Asiantunteva ja palveluhenkinen henkil\u00f6kuntamme varmistaa, ett\u00e4 kaikki toimii parhaalla mahdolla tavalla, alusta loppuun. Bussimme l\u00e4htev\u00e4t Pohjanmaalta, mutta matkakohteita on yht\u00e4 paljon kuin teill\u00e4 on ideoita ja unelmia.<\/p><p><strong>Voit pyyt\u00e4\u00e4 tarjousta matkastasi alla olevalla lomakkeella. <\/strong><br \/>Voit my\u00f6s soittaa matkatoimistoon arkisin klo 9-16 puh.<strong> 06 7811 703 <br \/><\/strong>Voit my\u00f6s l\u00e4hett\u00e4\u00e4 s\u00e4hk\u00f6postin osoitteeseen: <strong>info(at)ingves.fi<\/strong>.<\/p>\t\t\t\t\t\t\t\t<\/div>\n\t\t\t\t<\/div>\n\t\t\t\t<\/div>\n\t\t<div class=\"elementor-element elementor-element-3bfa8ae e-con-full e-flex e-con e-child\" data-id=\"3bfa8ae\" data-element_type=\"container\" data-e-type=\"container\">\n\t\t\t\t<div class=\"elementor-element elementor-element-b7ec72e elementor-widget elementor-widget-image\" data-id=\"b7ec72e\" data-element_type=\"widget\" data-e-type=\"widget\" data-widget_type=\"image.default\">\n\t\t\t\t<div class=\"elementor-widget-container\">\n\t\t\t\t\t\t\t\t\t\t\t\t\t\t\t<img fetchpriority=\"high\" decoding=\"async\" width=\"800\" height=\"650\" src=\"https:\/\/www.ingves.fi\/wp-content\/uploads\/2025\/09\/bussAlperna-AI-e1757488873435.jpg\" class=\"attachment-large size-large wp-image-2608\" alt=\"\" srcset=\"https:\/\/www.ingves.fi\/wp-content\/uploads\/2025\/09\/bussAlperna-AI-e1757488873435.jpg 840w, https:\/\/www.ingves.fi\/wp-content\/uploads\/2025\/09\/bussAlperna-AI-e1757488873435-300x244.jpg 300w, https:\/\/www.ingves.fi\/wp-content\/uploads\/2025\/09\/bussAlperna-AI-e1757488873435-768x624.jpg 768w\" sizes=\"(max-width: 800px) 100vw, 800px\" \/>\t\t\t\t\t\t\t\t\t\t\t\t\t\t\t<\/div>\n\t\t\t\t<\/div>\n\t\t\t\t<\/div>\n\t\t\t\t\t<\/div>\n\t\t\t\t<\/div>\n\t\t<div class=\"elementor-element elementor-element-1a1b7df e-flex e-con-boxed e-con e-parent\" data-id=\"1a1b7df\" data-element_type=\"container\" data-e-type=\"container\">\n\t\t\t\t\t<div class=\"e-con-inner\">\n\t\t<div class=\"elementor-element elementor-element-b86ef88 e-con-full e-flex e-con e-child\" data-id=\"b86ef88\" data-element_type=\"container\" data-e-type=\"container\">\n\t\t\t\t<div class=\"elementor-element elementor-element-49dd1bb elementor-widget elementor-widget-heading\" data-id=\"49dd1bb\" data-element_type=\"widget\" data-e-type=\"widget\" data-widget_type=\"heading.default\">\n\t\t\t\t<div class=\"elementor-widget-container\">\n\t\t\t\t\t<h2 class=\"elementor-heading-title elementor-size-default\">Pyyd\u00e4 tarjous<\/h2>\t\t\t\t<\/div>\n\t\t\t\t<\/div>\n\t\t\t\t<div class=\"elementor-element elementor-element-0580e54 elementor-widget elementor-widget-text-editor\" data-id=\"0580e54\" data-element_type=\"widget\" data-e-type=\"widget\" data-widget_type=\"text-editor.default\">\n\t\t\t\t<div class=\"elementor-widget-container\">\n\t\t\t\t\t\t\t\t\t<p>T\u00e4hdell\u00e4 * merkityt kent\u00e4t ovat pakollisia.<\/p>\t\t\t\t\t\t\t\t<\/div>\n\t\t\t\t<\/div>\n\t\t\t\t<\/div>\n\t\t\t\t<div class=\"elementor-element elementor-element-6a5ea0b elementor-button-align-stretch elementor-widget elementor-widget-form\" data-id=\"6a5ea0b\" data-element_type=\"widget\" data-e-type=\"widget\" data-settings=\"{&quot;step_next_label&quot;:&quot;Seuraava sivu&quot;,&quot;step_previous_label&quot;:&quot;Edellinen&quot;,&quot;button_width&quot;:&quot;100&quot;,&quot;step_type&quot;:&quot;number_text&quot;,&quot;step_icon_shape&quot;:&quot;circle&quot;}\" data-widget_type=\"form.default\">\n\t\t\t\t<div class=\"elementor-widget-container\">\n\t\t\t\t\t\t\t<form class=\"elementor-form\" method=\"post\" name=\"Ryhm\u00e4matka\" aria-label=\"Ryhm\u00e4matka\">\n\t\t\t<input type=\"hidden\" name=\"post_id\" value=\"760\"\/>\n\t\t\t<input type=\"hidden\" name=\"form_id\" value=\"6a5ea0b\"\/>\n\t\t\t<input type=\"hidden\" name=\"referer_title\" value=\"Ryhm\u00e4matkat - r\u00e4\u00e4t\u00e4l\u00f6ityj\u00e4 el\u00e4mysmatkoja - Ingves Travel\" \/>\n\n\t\t\t\t\t\t\t<input type=\"hidden\" name=\"queried_id\" value=\"760\"\/>\n\t\t\t\n\t\t\t<div class=\"elementor-form-fields-wrapper elementor-labels-\">\n\t\t\t\t\t\t\t\t<div class=\"elementor-field-type-text elementor-field-group elementor-column elementor-field-group-name elementor-col-50 elementor-field-required\">\n\t\t\t\t\t\t\t\t\t\t\t\t<label for=\"form-field-name\" class=\"elementor-field-label elementor-screen-only\">\n\t\t\t\t\t\t\t\tYhteyshenkil\u00f6\t\t\t\t\t\t\t<\/label>\n\t\t\t\t\t\t\t\t\t\t\t\t\t\t<input size=\"1\" type=\"text\" name=\"form_fields[name]\" id=\"form-field-name\" class=\"elementor-field elementor-size-sm  elementor-field-textual\" placeholder=\"Yhteyshenkil\u00f6 *\" required=\"required\">\n\t\t\t\t\t\t\t\t\t\t\t<\/div>\n\t\t\t\t\t\t\t\t<div class=\"elementor-field-type-text elementor-field-group elementor-column elementor-field-group-field_74a87a1 elementor-col-50\">\n\t\t\t\t\t\t\t\t\t\t\t\t<label for=\"form-field-field_74a87a1\" class=\"elementor-field-label elementor-screen-only\">\n\t\t\t\t\t\t\t\tYritys\/organisaatio\/koulu:\t\t\t\t\t\t\t<\/label>\n\t\t\t\t\t\t\t\t\t\t\t\t\t\t<input size=\"1\" type=\"text\" name=\"form_fields[field_74a87a1]\" id=\"form-field-field_74a87a1\" class=\"elementor-field elementor-size-sm  elementor-field-textual\" placeholder=\"Yritys\/organisaatio\/koulu:\">\n\t\t\t\t\t\t\t\t\t\t\t<\/div>\n\t\t\t\t\t\t\t\t<div class=\"elementor-field-type-text elementor-field-group elementor-column elementor-field-group-field_7de5b53 elementor-col-50 elementor-field-required\">\n\t\t\t\t\t\t\t\t\t\t\t\t<label for=\"form-field-field_7de5b53\" class=\"elementor-field-label elementor-screen-only\">\n\t\t\t\t\t\t\t\tPuhelinnumero\t\t\t\t\t\t\t<\/label>\n\t\t\t\t\t\t\t\t\t\t\t\t\t\t<input size=\"1\" type=\"text\" name=\"form_fields[field_7de5b53]\" id=\"form-field-field_7de5b53\" class=\"elementor-field elementor-size-sm  elementor-field-textual\" placeholder=\"Puhelinnumero *\" required=\"required\">\n\t\t\t\t\t\t\t\t\t\t\t<\/div>\n\t\t\t\t\t\t\t\t<div class=\"elementor-field-type-email elementor-field-group elementor-column elementor-field-group-email elementor-col-50 elementor-field-required\">\n\t\t\t\t\t\t\t\t\t\t\t\t<label for=\"form-field-email\" class=\"elementor-field-label elementor-screen-only\">\n\t\t\t\t\t\t\t\tS\u00e4hk\u00f6postiosoite\t\t\t\t\t\t\t<\/label>\n\t\t\t\t\t\t\t\t\t\t\t\t\t\t<input size=\"1\" type=\"email\" name=\"form_fields[email]\" id=\"form-field-email\" class=\"elementor-field elementor-size-sm  elementor-field-textual\" placeholder=\"S\u00e4hk\u00f6postiosoite *\" required=\"required\">\n\t\t\t\t\t\t\t\t\t\t\t<\/div>\n\t\t\t\t\t\t\t\t<div class=\"elementor-field-type-html elementor-field-group elementor-column elementor-field-group-message elementor-col-100\">\n\t\t\t\t\t<strong>Miss\u00e4 ja milloin?<\/strong>\t\t\t\t<\/div>\n\t\t\t\t\t\t\t\t<div class=\"elementor-field-type-text elementor-field-group elementor-column elementor-field-group-field_48fad1a elementor-col-50 elementor-field-required\">\n\t\t\t\t\t\t\t\t\t\t\t\t<label for=\"form-field-field_48fad1a\" class=\"elementor-field-label elementor-screen-only\">\n\t\t\t\t\t\t\t\tKohde\t\t\t\t\t\t\t<\/label>\n\t\t\t\t\t\t\t\t\t\t\t\t\t\t<input size=\"1\" type=\"text\" name=\"form_fields[field_48fad1a]\" id=\"form-field-field_48fad1a\" class=\"elementor-field elementor-size-sm  elementor-field-textual\" placeholder=\"Matkakohde *\" required=\"required\">\n\t\t\t\t\t\t\t\t\t\t\t<\/div>\n\t\t\t\t\t\t\t\t<div class=\"elementor-field-type-text elementor-field-group elementor-column elementor-field-group-field_55dea97 elementor-col-50\">\n\t\t\t\t\t\t\t\t\t\t\t\t<label for=\"form-field-field_55dea97\" class=\"elementor-field-label elementor-screen-only\">\n\t\t\t\t\t\t\t\tRyhm\u00e4n koko\t\t\t\t\t\t\t<\/label>\n\t\t\t\t\t\t\t\t\t\t\t\t\t\t<input size=\"1\" type=\"text\" name=\"form_fields[field_55dea97]\" id=\"form-field-field_55dea97\" class=\"elementor-field elementor-size-sm  elementor-field-textual\" placeholder=\"Ryhm\u00e4n koko *\">\n\t\t\t\t\t\t\t\t\t\t\t<\/div>\n\t\t\t\t\t\t\t\t<div class=\"elementor-field-type-text elementor-field-group elementor-column elementor-field-group-field_bf18ff4 elementor-col-33 elementor-field-required\">\n\t\t\t\t\t\t\t\t\t\t\t\t<label for=\"form-field-field_bf18ff4\" class=\"elementor-field-label elementor-screen-only\">\n\t\t\t\t\t\t\t\tL\u00e4ht\u00f6p\u00e4iv\u00e4\t\t\t\t\t\t\t<\/label>\n\t\t\t\t\t\t\t\t\t\t\t\t\t\t<input size=\"1\" type=\"text\" name=\"form_fields[field_bf18ff4]\" id=\"form-field-field_bf18ff4\" class=\"elementor-field elementor-size-sm  elementor-field-textual\" placeholder=\"L\u00e4ht\u00f6p\u00e4iv\u00e4 *\" required=\"required\">\n\t\t\t\t\t\t\t\t\t\t\t<\/div>\n\t\t\t\t\t\t\t\t<div class=\"elementor-field-type-text elementor-field-group elementor-column elementor-field-group-field_f8a4f22 elementor-col-33 elementor-field-required\">\n\t\t\t\t\t\t\t\t\t\t\t\t<label for=\"form-field-field_f8a4f22\" class=\"elementor-field-label elementor-screen-only\">\n\t\t\t\t\t\t\t\tL\u00e4ht\u00f6paikka\t\t\t\t\t\t\t<\/label>\n\t\t\t\t\t\t\t\t\t\t\t\t\t\t<input size=\"1\" type=\"text\" name=\"form_fields[field_f8a4f22]\" id=\"form-field-field_f8a4f22\" class=\"elementor-field elementor-size-sm  elementor-field-textual\" placeholder=\"L\u00e4ht\u00f6paikka *\" required=\"required\">\n\t\t\t\t\t\t\t\t\t\t\t<\/div>\n\t\t\t\t\t\t\t\t<div class=\"elementor-field-type-text elementor-field-group elementor-column elementor-field-group-field_10a408a elementor-col-33 elementor-field-required\">\n\t\t\t\t\t\t\t\t\t\t\t\t<label for=\"form-field-field_10a408a\" class=\"elementor-field-label elementor-screen-only\">\n\t\t\t\t\t\t\t\tAloitusaika\t\t\t\t\t\t\t<\/label>\n\t\t\t\t\t\t\t\t\t\t\t\t\t\t<input size=\"1\" type=\"text\" name=\"form_fields[field_10a408a]\" id=\"form-field-field_10a408a\" class=\"elementor-field elementor-size-sm  elementor-field-textual\" placeholder=\"Alkamisaika *\" required=\"required\">\n\t\t\t\t\t\t\t\t\t\t\t<\/div>\n\t\t\t\t\t\t\t\t<div class=\"elementor-field-type-text elementor-field-group elementor-column elementor-field-group-field_4c781b4 elementor-col-33 elementor-field-required\">\n\t\t\t\t\t\t\t\t\t\t\t\t<label for=\"form-field-field_4c781b4\" class=\"elementor-field-label elementor-screen-only\">\n\t\t\t\t\t\t\t\tPaluup\u00e4iv\u00e4\t\t\t\t\t\t\t<\/label>\n\t\t\t\t\t\t\t\t\t\t\t\t\t\t<input size=\"1\" type=\"text\" name=\"form_fields[field_4c781b4]\" id=\"form-field-field_4c781b4\" class=\"elementor-field elementor-size-sm  elementor-field-textual\" placeholder=\"Paluup\u00e4iv\u00e4 *\" required=\"required\">\n\t\t\t\t\t\t\t\t\t\t\t<\/div>\n\t\t\t\t\t\t\t\t<div class=\"elementor-field-type-text elementor-field-group elementor-column elementor-field-group-field_a9ea6be elementor-col-33\">\n\t\t\t\t\t\t\t\t\t\t\t\t<label for=\"form-field-field_a9ea6be\" class=\"elementor-field-label elementor-screen-only\">\n\t\t\t\t\t\t\t\tPaluumatka (alkaen m\u00e4\u00e4r\u00e4np\u00e4\u00e4st\u00e4)\t\t\t\t\t\t\t<\/label>\n\t\t\t\t\t\t\t\t\t\t\t\t\t\t<input size=\"1\" type=\"text\" name=\"form_fields[field_a9ea6be]\" id=\"form-field-field_a9ea6be\" class=\"elementor-field elementor-size-sm  elementor-field-textual\" placeholder=\"Paluumatka (alkaen m\u00e4\u00e4r\u00e4np\u00e4\u00e4st\u00e4)\">\n\t\t\t\t\t\t\t\t\t\t\t<\/div>\n\t\t\t\t\t\t\t\t<div class=\"elementor-field-type-textarea elementor-field-group elementor-column elementor-field-group-field_9ce39cf elementor-col-100\">\n\t\t\t\t\t\t\t\t\t\t\t\t<label for=\"form-field-field_9ce39cf\" class=\"elementor-field-label elementor-screen-only\">\n\t\t\t\t\t\t\t\tMuut tiedot\t\t\t\t\t\t\t<\/label>\n\t\t\t\t\t\t<textarea class=\"elementor-field-textual elementor-field  elementor-size-sm\" name=\"form_fields[field_9ce39cf]\" id=\"form-field-field_9ce39cf\" rows=\"4\" placeholder=\"Muut tiedot\"><\/textarea>\t\t\t\t<\/div>\n\t\t\t\t\t\t\t\t<div class=\"elementor-field-type-recaptcha_v3 elementor-field-group elementor-column elementor-field-group-field_c095c12 elementor-col-100 recaptcha_v3-bottomright\">\n\t\t\t\t\t<div class=\"elementor-field\" id=\"form-field-field_c095c12\"><div class=\"elementor-g-recaptcha\" data-sitekey=\"6Ld-D6orAAAAACRAdbFoDcSN0eCSLhiGLPGuHc9O\" data-type=\"v3\" data-action=\"Form\" data-badge=\"bottomright\" data-size=\"invisible\"><\/div><\/div>\t\t\t\t<\/div>\n\t\t\t\t\t\t\t\t<div class=\"elementor-field-group elementor-column elementor-field-type-submit elementor-col-100 e-form__buttons\">\n\t\t\t\t\t<button class=\"elementor-button elementor-size-sm\" type=\"submit\">\n\t\t\t\t\t\t<span class=\"elementor-button-content-wrapper\">\n\t\t\t\t\t\t\t\t\t\t\t\t\t\t\t\t\t\t\t\t\t\t<span class=\"elementor-button-text\">L\u00e4het\u00e4<\/span>\n\t\t\t\t\t\t\t\t\t\t\t\t\t<\/span>\n\t\t\t\t\t<\/button>\n\t\t\t\t<\/div>\n\t\t\t<\/div>\n\t\t<\/form>\n\t\t\t\t\t\t<\/div>\n\t\t\t\t<\/div>\n\t\t\t\t\t<\/div>\n\t\t\t\t<\/div>\n\t\t\t\t<\/div>\n\t\t","protected":false},"excerpt":{"rendered":"<p>Ryhm\u00e4matkat R\u00e4\u00e4t\u00e4l\u00f6ityj\u00e4 el\u00e4mysmatkoja ryhm\u00e4llesi! Halusittepa matkustaa bussilla, lent\u00e4en tai laivalla, luomme t\u00e4ydellisen matkan juuri teid\u00e4n ryhm\u00e4llenne. Yhdess\u00e4 yhteisty\u00f6kumppanimme bussiyhti\u00f6 INGSVAn kanssa tarjoamme moderneja ja mukavia, korkealuokkaisia turistibusseja \u2013 t\u00e4ydellisi\u00e4 niin lyhyille p\u00e4iv\u00e4retkille kuin pidemmille kiertomatkoille Pohjoismaissa, Baltiassa ja muualla Euroopassa. Voitte itse valita, haluatteko lent\u00e4\u00e4 suoraan kohteeseen vai matkustaa koko matkan bussilla Suomesta. Esimerkiksi viinimatkoilla [&hellip;]<\/p>\n","protected":false},"author":1,"featured_media":0,"parent":0,"menu_order":0,"comment_status":"closed","ping_status":"closed","template":"","meta":{"footnotes":""},"class_list":["post-760","page","type-page","status-publish","hentry"],"_links":{"self":[{"href":"https:\/\/www.ingves.fi\/fi\/wp-json\/wp\/v2\/pages\/760","targetHints":{"allow":["GET"]}}],"collection":[{"href":"https:\/\/www.ingves.fi\/fi\/wp-json\/wp\/v2\/pages"}],"about":[{"href":"https:\/\/www.ingves.fi\/fi\/wp-json\/wp\/v2\/types\/page"}],"author":[{"embeddable":true,"href":"https:\/\/www.ingves.fi\/fi\/wp-json\/wp\/v2\/users\/1"}],"replies":[{"embeddable":true,"href":"https:\/\/www.ingves.fi\/fi\/wp-json\/wp\/v2\/comments?post=760"}],"version-history":[{"count":33,"href":"https:\/\/www.ingves.fi\/fi\/wp-json\/wp\/v2\/pages\/760\/revisions"}],"predecessor-version":[{"id":8323,"href":"https:\/\/www.ingves.fi\/fi\/wp-json\/wp\/v2\/pages\/760\/revisions\/8323"}],"wp:attachment":[{"href":"https:\/\/www.ingves.fi\/fi\/wp-json\/wp\/v2\/media?parent=760"}],"curies":[{"name":"wp","href":"https:\/\/api.w.org\/{rel}","templated":true}]}}