{"id":758,"date":"2025-07-25T14:54:08","date_gmt":"2025-07-25T11:54:08","guid":{"rendered":"https:\/\/www.ingves.fi\/yrityksen-tiedot\/"},"modified":"2026-03-06T10:31:01","modified_gmt":"2026-03-06T08:31:01","slug":"yrityksen-tiedot","status":"publish","type":"page","link":"https:\/\/www.ingves.fi\/fi\/yrityksen-tiedot\/","title":{"rendered":"Yritystiedot"},"content":{"rendered":"\t\t<div data-elementor-type=\"wp-page\" data-elementor-id=\"758\" class=\"elementor elementor-758 elementor-511\" data-elementor-post-type=\"page\">\n\t\t\t\t<div class=\"elementor-element elementor-element-6a9fc5d e-flex e-con-boxed e-con e-parent\" data-id=\"6a9fc5d\" data-element_type=\"container\" data-e-type=\"container\">\n\t\t\t\t\t<div class=\"e-con-inner\">\n\t\t\t\t<div class=\"elementor-element elementor-element-05bb963 elementor-widget elementor-widget-heading\" data-id=\"05bb963\" data-element_type=\"widget\" data-e-type=\"widget\" data-widget_type=\"heading.default\">\n\t\t\t\t<div class=\"elementor-widget-container\">\n\t\t\t\t\t<h1 class=\"elementor-heading-title elementor-size-default\">Yritystiedot<\/h1>\t\t\t\t<\/div>\n\t\t\t\t<\/div>\n\t\t\t\t\t<\/div>\n\t\t\t\t<\/div>\n\t\t<div class=\"elementor-element elementor-element-0870aa7 e-flex e-con-boxed e-con e-parent\" data-id=\"0870aa7\" data-element_type=\"container\" data-e-type=\"container\">\n\t\t\t\t\t<div class=\"e-con-inner\">\n\t\t\t\t<div class=\"elementor-element elementor-element-b39fb71 elementor-widget elementor-widget-text-editor\" data-id=\"b39fb71\" data-element_type=\"widget\" data-e-type=\"widget\" data-widget_type=\"text-editor.default\">\n\t\t\t\t<div class=\"elementor-widget-container\">\n\t\t\t\t\t\t\t\t\t<h2>Ingves Travel<\/h2><p>Uusi aikakausi alkoi, kun Niclas Ingves ja Tomas Ingves ostivat Ingves &amp; Svanb\u00e4ck Ab Oy:n matkatoimistoliiketoiminnan 1.1.2025. Vaikka matkatoimiston taustalla oleva yritys on edelleen nimelt\u00e4\u00e4n Ingsva Resor \u2013 Matkat Ab Oy, toimintaa markkinoidaan syyskuusta 2025 alkaen nimell\u00e4 <b>Ingves Travel<\/b>. Samalla julkaistaan uusi logo ja yrityksen v\u00e4rein\u00e4 n\u00e4hd\u00e4\u00e4n jatkossa p\u00e4\u00e4asiassa tumman- ja limenvihre\u00e4\u00e4. Toiminta jatkuu ennallaan samalla henkil\u00f6kunnalla ja matkatuotannolla.<\/p><h2>Historia<\/h2><p>Uudet omistajat, Niclas ja Tomas Ingves, ovat molemmat Bertel Ingvesin, vuonna 1952 perustetun <strong>Ingves Bussar<\/strong> -yrityksen perustajan, lapsenlapsia. 25 vuotta my\u00f6hemmin, vuonna 1977, rekkakuljetus- ja linja-autotoiminnan rinnalle avattiin matkatoimisto <b>Ingves Resor<\/b> N\u00e4rpi\u00f6\u00f6n. Vuonna 1984 avattiin my\u00f6s toimisto Vaasaan.<\/p><p>Matkatoiminta kasvoi ja kehittyi nopeasti. Kev\u00e4iset kukkamatkat Hollantiin saavuttivat suuren suosion, ja pian yritys alkoi j\u00e4rjest\u00e4\u00e4 entist\u00e4 laajempia matkatuotantoja, kuten maailman ymp\u00e4ri -matkoja sek\u00e4 pitki\u00e4 matkoja suurille ryhmille Floridaan ja Havaijille. Er\u00e4\u00e4n\u00e4 p\u00e4iv\u00e4n\u00e4 syntyi ajatus matkustaa omilla linja-autoilla Keski- ja Etel\u00e4-Eurooppaan kev\u00e4t- ja syyskaudella. T\u00e4ll\u00e4 tavoin asiakkaille pystyttiin tarjoamaan entist\u00e4 parempaa palvelua, kun mukana oli omien bussien lis\u00e4ksi my\u00f6s omat matkanjohtajat ja kuljettajat. T\u00e4m\u00e4 on menestyksek\u00e4s konsepti, joka on k\u00e4yt\u00f6ss\u00e4 viel\u00e4 t\u00e4n\u00e4kin p\u00e4iv\u00e4n\u00e4.<\/p><p>Vuodet vieriv\u00e4t ja paljon muuttui. Matkailualalla kehitys on ollut nopeaa ja muutokset mittavia. Vuonna 2014 <strong>Ingves Bussar<\/strong> ja <strong>Svanb\u00e4cks Bussar<\/strong> yhdistyiv\u00e4t ja muodostivat yrityksen nimelt\u00e4 <strong>Ingves &amp; Svanb\u00e4ck Ab Oy<\/strong>. Toiminta kehittyi, henkil\u00f6kuntaa palkattiin lis\u00e4\u00e4 ja matkatarjonta laajentui.<\/p><p>Perjantai 13.3.2020 on p\u00e4iv\u00e4, jota kukaan matkailualalla ei unohda. Tuolloin ilmoitettiin Suomen poikkeustilan k\u00e4ytt\u00f6\u00f6notosta Covid-19:n vuoksi, ja matkustuskiellot astuivat voimaan. L\u00e4hes koko matkatoimiston henkil\u00f6kunta lomautettiin lukuun ottamatta muutamaa henkil\u00f6\u00e4, jotka ty\u00f6skenteliv\u00e4t muutaman kuukauden ajan matkojen peruuttamisen, asiakaspalautusten ja lopulta toiminnan alasajon parissa. Harva uskoi, ett\u00e4 matkailuala toipuisi, mutta j\u00e4rkytt\u00e4v\u00e4n sairaus- ja sulkukauden j\u00e4lkeen maailma her\u00e4si hitaasti j\u00e4lleen eloon. Matkatoimistotoiminta aloitettiin uudelleen pienimuotoisena: osa vanhoista ty\u00f6ntekij\u00f6ist\u00e4 palasi ja uusia palkattiin.<\/p><p>Sen j\u00e4lkeen toiminta on jatkunut suurin piirtein entiseen tapaan. Niclas ja Tomas Ingves ostivat matkatoimistoliiketoiminnan Ingves &amp; Svanb\u00e4ck Ab Oy:lt\u00e4 vuoden 2025 alussa. Nyky\u00e4\u00e4n henkil\u00f6kuntaan kuuluu seitsem\u00e4n henkil\u00f6\u00e4, jotka ty\u00f6skentelev\u00e4t N\u00e4rpi\u00f6n, Pietarsaaren ja Vaasan kupeessa sijaitsevassa Sep\u00e4nkyl\u00e4ss\u00e4. Toiminta jatkuu kuten aiemminkin: teemme yhteisty\u00f6t\u00e4 Ingves &amp; Svanb\u00e4ckin kanssa siten, ett\u00e4 kaikki bussimatkat ajetaan INGSVA-busseilla ja matkatarjonta on ennallaan. Myymme matkoja verkkosivuiltamme ja j\u00e4rjest\u00e4mme lyhyempi\u00e4 ja pidempi\u00e4 tilausmatkoja ryhmille \u2013 aivan kuten ennenkin.<\/p><h2>Koe enemm\u00e4n!<\/h2><p>Olemme asiakasl\u00e4ht\u00f6inen ja kokenut matkanj\u00e4rjest\u00e4j\u00e4 ja tarjoamme sinulle mahdollisimman monipuolisen ja kattavan matkaohjelman. Haluamme olla luonteva valintasi seuraavan matkasi yhteydess\u00e4. Olemme aina valmiina palvelemaan, olipa kyseess\u00e4 lyhyt tai pitk\u00e4 matka, ryhm\u00e4matkan suunnittelu tai yritystapahtuma.<\/p><p>Yhdess\u00e4 ty\u00f6ntekij\u00f6idemme kanssa lupaamme tehd\u00e4 parhaamme, jotta saat matkaltasi mahdollisimman paljon mukavia ja turvallisia kokemuksia sek\u00e4 ihania muistoja. Toivotamme kaikki vanhat ja uudet asiakkaat l\u00e4mpim\u00e4sti tervetulleiksi ja toivomme, ett\u00e4 l\u00f6yd\u00e4t seuraavan matkasi meilt\u00e4, Ingves Travelilta.<\/p><h2>El\u00e4myksi\u00e4 juuri sinulle<\/h2><p>Tarjoamme lyhyempi\u00e4 ja pidempi\u00e4 bussimatkoja sek\u00e4 monipuolisia kiertomatkoja, joilla yhdistyv\u00e4t lentomatka ja bussilla liikkuminen kohteessa. Pidemmill\u00e4 matkoilla on aina mukana matkanjohtaja, joka tuo matkaan viihtyisyytt\u00e4 ja arvokasta lis\u00e4arvoa. Mik\u00e4li lyhyemm\u00e4llekin matkallemme l\u00e4htee suurempi ryhm\u00e4, my\u00f6s siell\u00e4 on matkanjohtaja mukana.<\/p><p>Valikoimastamme l\u00f6yd\u00e4t niin vauhdikkaita musikaaleja, hauskoja teatterimatkoja, hehkuvia kukkamatkoja kuin upeita maisemareittej\u00e4 ja herkullisia ruoka- ja viinimatkojakin.\u00a0Lyhyesti sanottuna \u2013 valikoimastamme l\u00f6ytyy jokaiselle jotakin, ja tarjonta el\u00e4\u00e4 ja vaihtelee vuodenaikojen mukaan.<\/p><h2>Turvallisuus ja laatu<\/h2><p>Ingsva Resor-Matkat Ab Oy:ll\u00e4 (Ingves Travel) on voimassa oleva matkavakuus <a href=\"http:\/\/www.kuluttajavirasto.fi\" target=\"_blank\" rel=\"noopener\">Kuluttajavirastossa<\/a>. T\u00e4m\u00e4 antaa sinulle matkustajana t\u00e4ydellisen perusturvan koko matkan ajan.<\/p><p><strong>\u201dMatka antaa iloa kolme kertaa \u2013 etuk\u00e4teen suunnitellessasi sit\u00e4, hetkess\u00e4 kokiessasi sen ja muistossa kantaessasi sit\u00e4 mukanasi.\u201d<\/strong><\/p><h3><em>Tervetuloa mukaan luomaan hienoja muistoja yhdess\u00e4!<\/em><\/h3>\t\t\t\t\t\t\t\t<\/div>\n\t\t\t\t<\/div>\n\t\t\t\t\t<\/div>\n\t\t\t\t<\/div>\n\t\t<div class=\"elementor-element elementor-element-b6867f2 e-flex e-con-boxed e-con e-parent\" data-id=\"b6867f2\" data-element_type=\"container\" data-e-type=\"container\">\n\t\t\t\t\t<div class=\"e-con-inner\">\n\t\t\t\t<div class=\"elementor-element elementor-element-368f96c elementor-widget elementor-widget-button\" data-id=\"368f96c\" data-element_type=\"widget\" data-e-type=\"widget\" data-widget_type=\"button.default\">\n\t\t\t\t<div class=\"elementor-widget-container\">\n\t\t\t\t\t\t\t\t\t<div class=\"elementor-button-wrapper\">\n\t\t\t\t\t<a class=\"elementor-button elementor-button-link elementor-size-sm\" href=\"https:\/\/www.ingves.fi\/fi\/yhteystiedot\/\">\n\t\t\t\t\t\t<span class=\"elementor-button-content-wrapper\">\n\t\t\t\t\t\t\t\t\t<span class=\"elementor-button-text\">Yhteystietomme<\/span>\n\t\t\t\t\t<\/span>\n\t\t\t\t\t<\/a>\n\t\t\t\t<\/div>\n\t\t\t\t\t\t\t\t<\/div>\n\t\t\t\t<\/div>\n\t\t\t\t\t<\/div>\n\t\t\t\t<\/div>\n\t\t\t\t<\/div>\n\t\t","protected":false},"excerpt":{"rendered":"<p>Yritystiedot Ingves Travel Uusi aikakausi alkoi, kun Niclas Ingves ja Tomas Ingves ostivat Ingves &amp; Svanb\u00e4ck Ab Oy:n matkatoimistoliiketoiminnan 1.1.2025. Vaikka matkatoimiston taustalla oleva yritys on edelleen nimelt\u00e4\u00e4n Ingsva Resor \u2013 Matkat Ab Oy, toimintaa markkinoidaan syyskuusta 2025 alkaen nimell\u00e4 Ingves Travel. Samalla julkaistaan uusi logo ja yrityksen v\u00e4rein\u00e4 n\u00e4hd\u00e4\u00e4n jatkossa p\u00e4\u00e4asiassa tumman- ja limenvihre\u00e4\u00e4. [&hellip;]<\/p>\n","protected":false},"author":1,"featured_media":0,"parent":0,"menu_order":0,"comment_status":"closed","ping_status":"closed","template":"","meta":{"footnotes":""},"class_list":["post-758","page","type-page","status-publish","hentry"],"_links":{"self":[{"href":"https:\/\/www.ingves.fi\/fi\/wp-json\/wp\/v2\/pages\/758","targetHints":{"allow":["GET"]}}],"collection":[{"href":"https:\/\/www.ingves.fi\/fi\/wp-json\/wp\/v2\/pages"}],"about":[{"href":"https:\/\/www.ingves.fi\/fi\/wp-json\/wp\/v2\/types\/page"}],"author":[{"embeddable":true,"href":"https:\/\/www.ingves.fi\/fi\/wp-json\/wp\/v2\/users\/1"}],"replies":[{"embeddable":true,"href":"https:\/\/www.ingves.fi\/fi\/wp-json\/wp\/v2\/comments?post=758"}],"version-history":[{"count":21,"href":"https:\/\/www.ingves.fi\/fi\/wp-json\/wp\/v2\/pages\/758\/revisions"}],"predecessor-version":[{"id":8320,"href":"https:\/\/www.ingves.fi\/fi\/wp-json\/wp\/v2\/pages\/758\/revisions\/8320"}],"wp:attachment":[{"href":"https:\/\/www.ingves.fi\/fi\/wp-json\/wp\/v2\/media?parent=758"}],"curies":[{"name":"wp","href":"https:\/\/api.w.org\/{rel}","templated":true}]}}