{"id":753,"date":"2025-06-17T15:50:07","date_gmt":"2025-06-17T12:50:07","guid":{"rendered":"https:\/\/www.ingves.fi\/hyva-tietaa-ennen-matkaa\/"},"modified":"2026-03-06T10:33:02","modified_gmt":"2026-03-06T08:33:02","slug":"hyva-tietaa-ennen-matkaa","status":"publish","type":"page","link":"https:\/\/www.ingves.fi\/fi\/hyva-tietaa-ennen-matkaa\/","title":{"rendered":"Hyv\u00e4 tiet\u00e4\u00e4 ennen matkaa"},"content":{"rendered":"\t\t<div data-elementor-type=\"wp-page\" data-elementor-id=\"753\" class=\"elementor elementor-753 elementor-163\" data-elementor-post-type=\"page\">\n\t\t\t\t<div class=\"elementor-element elementor-element-c66f25a e-flex e-con-boxed e-con e-parent\" data-id=\"c66f25a\" data-element_type=\"container\" data-e-type=\"container\">\n\t\t\t\t\t<div class=\"e-con-inner\">\n\t\t\t\t<div class=\"elementor-element elementor-element-091f319 elementor-widget elementor-widget-heading\" data-id=\"091f319\" data-element_type=\"widget\" data-e-type=\"widget\" data-widget_type=\"heading.default\">\n\t\t\t\t<div class=\"elementor-widget-container\">\n\t\t\t\t\t<h1 class=\"elementor-heading-title elementor-size-default\">Hyv\u00e4 tiet\u00e4\u00e4 ennen matkaa<\/h1>\t\t\t\t<\/div>\n\t\t\t\t<\/div>\n\t\t\t\t\t<\/div>\n\t\t\t\t<\/div>\n\t\t<div class=\"elementor-element elementor-element-e614d24 e-flex e-con-boxed e-con e-parent\" data-id=\"e614d24\" data-element_type=\"container\" data-e-type=\"container\">\n\t\t\t\t\t<div class=\"e-con-inner\">\n\t\t<div class=\"elementor-element elementor-element-57f50e3 e-con-full e-flex e-con e-child\" data-id=\"57f50e3\" data-element_type=\"container\" data-e-type=\"container\">\n\t\t\t\t<div class=\"elementor-element elementor-element-5664388 elementor-widget elementor-widget-text-editor\" data-id=\"5664388\" data-element_type=\"widget\" data-e-type=\"widget\" data-widget_type=\"text-editor.default\">\n\t\t\t\t<div class=\"elementor-widget-container\">\n\t\t\t\t\t\t\t\t\t<div class=\"shortcode1-2 \"><h3>Oikeus muutoksiin<\/h3><p>Pid\u00e4t\u00e4mme oikeuden hintojen ja aikataulujen muutoksiin Ingsva Resor-Matkatista riippumattomista syist\u00e4. Pid\u00e4t\u00e4mme my\u00f6s oikeuden tehd\u00e4 muutoksia matkaohjelmiin.<\/p><h3>Lasten alennukset<\/h3><p>Sovelletaan, jos tekstiss\u00e4 ei toisin mainita.<\/p><ul><li>Lapset kahden vanhemman kanssa lis\u00e4vuoteessa:<br \/>* 12-15 vuotta -25%<br \/>* 6-11 vuotta -50%<\/li><li>Lapset yhden vanhemman kanssa, aikuisten s\u00e4ngyss\u00e4:<br \/>* 12-15 vuotta -10%<br \/>* 6-11 vuotta -25%<\/li><\/ul><p>0\u20135-vuotiaat lapset, jotka nukkuvat vanhempiensa s\u00e4ngyss\u00e4, saavat 85 % alennuksen aikuisten hinnasta.<\/p><p>Jos vanhempi matkustaa kahden 6\u201311-vuotiaan lapsen kanssa, toinen lapsi nukkuu aikuisten s\u00e4ngyss\u00e4 ja toinen lapsi lis\u00e4vuoteessa ja saa vastaavat alennukset.<\/p><h3>Varaa ajoissa!<\/h3><p>Helpota matkasuunnitteluamme varaamalla matkasi mahdollisimman aikaisin \u2013 mieluiten v\u00e4hint\u00e4\u00e4n kaksi kuukautta ennen l\u00e4ht\u00f6\u00e4. Jotkut hotellit vaativat meit\u00e4 ilmoittamaan sinulle hyvin ajoissa, jos matka toteutuu.<\/p><h3>Ruoka<\/h3><p>Ilmoitathan mahdollisista erityisruokavalioista varauksen yhteydess\u00e4.<\/p><h3>Matkavakuutus<\/h3><p>On eritt\u00e4in t\u00e4rke\u00e4\u00e4, ett\u00e4 sinulla on oikeanlainen vakuutus matkalle l\u00e4htiess\u00e4si! Ota matkavakuutus hyviss\u00e4 ajoin ennen l\u00e4ht\u00f6\u00e4 \u2013 mieluiten samaan aikaan matkan varaamisen kanssa, silt\u00e4 varalta, ett\u00e4 joudut perumaan matkasi sairauden vuoksi!<\/p><h3>Rekister\u00f6inti<\/h3><p>Ilmoittautumismaksu on 50\u2013500 \u20ac per henkil\u00f6 matkan hinnasta ja pituudesta riippuen, ja se maksetaan 7\u201310 p\u00e4iv\u00e4\u00e4 ilmoittautumisen j\u00e4lkeen. Ilmoittautuminen on sitova, kun ilmoittautumismaksu on maksettu. My\u00f6h\u00e4ss\u00e4 tehdyn varauksen tapauksessa ilmoittautuminen on sitova, vaikka ilmoittautumismaksua ei olisi maksettu. Loppumaksu er\u00e4\u00e4ntyy viimeist\u00e4\u00e4n noin 30 p\u00e4iv\u00e4\u00e4 ennen l\u00e4ht\u00f6\u00e4. Jos varaus tehd\u00e4\u00e4n my\u00f6hemmin kuin 30 p\u00e4iv\u00e4\u00e4 ennen l\u00e4ht\u00f6\u00e4, koko summa er\u00e4\u00e4ntyy v\u00e4litt\u00f6m\u00e4sti.<\/p><h3>K\u00e4sittelykulut muutoksissa<\/h3><p>Yleisten matkapakettiehtojen mukaisista peruutuksista ja muutoksista veloitetaan hinnaston mukainen palvelumaksu. Asiakkaan tilaamat lis\u00e4- ja t\u00e4ydennyspalvelut er\u00e4\u00e4ntyv\u00e4t maksettaviksi, vaikka matka peruuntuisi.<\/p><h3>Vahvistus ja matkatiedote<\/h3><p>Tarkista vahvistus heti saatuasi sen. On t\u00e4rke\u00e4\u00e4, ett\u00e4 vahvistuksessa oleva nimesi vastaa passissasi olevaa nime\u00e4si \u2013 varsinkin jos kyseess\u00e4 on matka, johon sis\u00e4ltyy lentoja. On eritt\u00e4in t\u00e4rke\u00e4\u00e4, ett\u00e4 nimesi on kirjoitettu oikein lentolipussa. Ota v\u00e4litt\u00f6m\u00e4sti yhteytt\u00e4 matkatoimistoon, jos huomaat ep\u00e4tarkkuuksia. Sama koskee tiedotekirjett\u00e4, joka l\u00e4hetet\u00e4\u00e4n kaikille matkustajille noin kaksi viikkoa ennen l\u00e4ht\u00f6\u00e4 (ei l\u00e4hetet\u00e4 lyhyempien matkojen yhteydess\u00e4).<\/p><h3>Osallistujien v\u00e4himm\u00e4ism\u00e4\u00e4r\u00e4 ja mahdollinen peruutus<\/h3><p>Jotta matkamme voidaan toteuttaa, vaaditaan yleens\u00e4 20 rekister\u00f6itynytt\u00e4 osallistujaa matkaa kohden. Jos matka peruuntuu liian v\u00e4h\u00e4isen ilmoittautuneiden m\u00e4\u00e4r\u00e4n vuoksi, siit\u00e4 ilmoitetaan viimeist\u00e4\u00e4n 30 p\u00e4iv\u00e4\u00e4 ennen l\u00e4ht\u00f6\u00e4. Lyhyempien matkojen peruutuksista ilmoitetaan viimeist\u00e4\u00e4n 14 p\u00e4iv\u00e4\u00e4 ennen l\u00e4ht\u00f6\u00e4. On joitakin poikkeuksia, esim. yhden p\u00e4iv\u00e4n matkat.<\/p><\/div>\t\t\t\t\t\t\t\t<\/div>\n\t\t\t\t<\/div>\n\t\t\t\t<\/div>\n\t\t<div class=\"elementor-element elementor-element-3011f30 e-con-full e-flex e-con e-child\" data-id=\"3011f30\" data-element_type=\"container\" data-e-type=\"container\">\n\t\t\t\t<div class=\"elementor-element elementor-element-6c5ce5c elementor-widget elementor-widget-text-editor\" data-id=\"6c5ce5c\" data-element_type=\"widget\" data-e-type=\"widget\" data-widget_type=\"text-editor.default\">\n\t\t\t\t<div class=\"elementor-widget-container\">\n\t\t\t\t\t\t\t\t\t<div class=\"shortcode1-2 last\"><h3>L\u00e4ht\u00f6paikka (pys\u00e4kki, kaupunki)<\/h3><p>Ilmoitetaan tiedotteessa, ellei aiemmin. Jos tietyst\u00e4 paikasta on liian v\u00e4h\u00e4n osallistujia, pid\u00e4t\u00e4mme oikeuden ohjata teid\u00e4t toiseen jatkoyhteyspisteeseen (nousupaikkaan) tai juna- tai bussiyhteyteen.<\/p><h3>Henkil\u00f6llisyystodistus matkalla<\/h3><p>Matkoilla, joilla t\u00e4st\u00e4 mainitaan, sinulla tulee olla voimassa oleva passi tai EU:n henkil\u00f6kortti. Sinulla tulee olla my\u00f6s valokuvallinen henkil\u00f6llisyystodistus matkustaessasi Pohjoismaissa.<\/p><h3>Passi ja viisumi<\/h3><p>Matkustajan vastuulla on pit\u00e4\u00e4 mukanaan voimassa oleva passi tai EU:n henkil\u00f6kortti matkustettaessa Pohjoismaiden ulkopuolella. Ulkomaalaisten, jotka ovat tai ovat olleet ulkomaalaisia, tulee tarkistaa, mit\u00e4 passeja ja viisumeita koskevia m\u00e4\u00e4r\u00e4yksi\u00e4 heihin sovelletaan. Pid\u00e4 passi aina k\u00e4simatkatavaroissasi! Tiedotamme sinulle erikseen viisumeista, jos niit\u00e4 tarvitaan. HUOM! Jotkut maat vaativat, ett\u00e4 passin on oltava voimassa v\u00e4hint\u00e4\u00e4n 6 kuukautta l\u00e4ht\u00f6p\u00e4iv\u00e4n j\u00e4lkeen!<\/p><h3>Eurooppalainen sairaanhoitokortti<\/h3><p>Suosittelemme, ett\u00e4 hankit Kelasta eurooppalaisen sairaanhoitokortin, jota voit ottaa mukaasi matkustaessasi Euroopassa.<\/p><h3>Bussimatka<\/h3><p>Turistibussimme ovat savuttomia ja niiss\u00e4 on mukavat penkit, ilmastointi sek\u00e4 wc. Pitk\u00e4n matkan matkoillamme ei yleens\u00e4 voi varata erityist\u00e4 istumapaikkaa, koska vaihdamme istumapaikkoja bussissa p\u00e4ivitt\u00e4in tasapuolisuuden vuoksi. Pid\u00e4mme taukoja s\u00e4\u00e4nn\u00f6llisin v\u00e4liajoin, jotta kaikilla olisi mukava matka.<\/p><h3>Matkatavarat<\/h3><p>Saat tuoda mukanasi yhden normaalikokoisen matkalaukun ja yhden k\u00e4simatkatavaran. Lentoja sis\u00e4lt\u00e4vill\u00e4 matkoilla noudatamme lentoyhti\u00f6iden matkatavaram\u00e4\u00e4r\u00e4yksi\u00e4. Tarkista, ett\u00e4 matkatavarat on lastattu bussiin. Matkustaja on vastuussa matkalaukun kuljettamisesta bussiin ja hotellihuoneisiin ja takaisin. Toimitathan matkatavaroihin osoitetarran.<\/p><h3>Tietoa rokotuksista ja mahdollisista kriisitilanteista<\/h3><p>Verkkosivustolta <a href=\"http:\/\/www.rokote.fi\" target=\"_blank\" rel=\"noopener noreferrer\">www.rokote.fi<\/a> l\u00f6yd\u00e4t tietoa siit\u00e4, mit\u00e4 rokotuksia suositellaan eri matkakohteisiin. L\u00f6yd\u00e4t n\u00e4m\u00e4 tiedot my\u00f6s verkkosivustolta <a href=\"http:\/\/www.thl.fi\" target=\"_blank\" rel=\"noopener noreferrer\">www.thl.fi<\/a> (Sosiaali- ja terveyslaitos). Ulkoministeri\u00f6n osoitteesta <a href=\"http:\/\/www.formin.fi\" target=\"_blank\" rel=\"noopener noreferrer\">www.formin.fi<\/a> l\u00f6yd\u00e4t tietoa mahdollisista kriisitilanteista ulkomailla ja saat selville my\u00f6s suositellut toimenpiteet. Seuraamme koronavirustilannetta Suomessa ja muualla Euroopassa ja tiedotamme asiakkaille sit\u00e4 mukaa, kun tietoa ajankohtaisista matkakohteista tulee saataville.<\/p><h3>Takuu<\/h3><p>Ingsva Resor-Matkat Ab Oy:ll\u00e4 (Ingves Travel) on voimassa oleva matkanj\u00e4rejst\u00e4n\u00e4n vakuus <a href=\"https:\/\/www.kkv.fi\/kuluttaja-asiat\/tietoa-ja-ohjeita-yrityksille\/matkojen-jarjestajille\/matkanjarjestajan-vakuus\/\" target=\"_blank\" rel=\"noopener noreferrer\">Kuluttajavirastossa<\/a>. Vakuudessta korvataan keskeytynytt\u00e4 matkan osaa vastaava hinta ja tarvittaessa matkustajien paluukuljetus.<\/p><h3>Reklamaatiot<\/h3><p>Toivomme, ettei teill\u00e4 ole syyt\u00e4 valittaa mist\u00e4\u00e4n matkoidemme aikana, mutta jos n\u00e4in on, valitus tulee tehd\u00e4 suoraan matkanjohtajalle paikan p\u00e4\u00e4ll\u00e4. N\u00e4in meill\u00e4 on mahdollisuus korjata ongelma matkan ollessa viel\u00e4 k\u00e4ynniss\u00e4.<\/p><h3 class=\"page-header-title\">Yleiset valmismatkaehdot<\/h3><p>Tietoa asiasta <a href=\"https:\/\/www.ingves.fi\/allmanna-villkor-for-paketresor\/\">t\u00e4ll\u00e4 sivulla<\/a>.<\/p><h3>Maassa maan tavalla<\/h3><p>Monet matkamme suuntautuvat maihin, joiden kulttuurit ja tavat eroavat omastamme ja joissa on erilaiset ruokailutottumukset ja erilainen elintaso verrattuna Suomeen. Suhtaudu uusiin kokemuksiin my\u00f6nteisesti ja\u00a0 j\u00e4nnitt\u00e4v\u00e4n\u00e4 osana matkaa!<\/p><\/div>\t\t\t\t\t\t\t\t<\/div>\n\t\t\t\t<\/div>\n\t\t\t\t<\/div>\n\t\t\t\t\t<\/div>\n\t\t\t\t<\/div>\n\t\t\t\t<\/div>\n\t\t","protected":false},"excerpt":{"rendered":"<p>Hyv\u00e4 tiet\u00e4\u00e4 ennen matkaa Oikeus muutoksiin Pid\u00e4t\u00e4mme oikeuden hintojen ja aikataulujen muutoksiin Ingsva Resor-Matkatista riippumattomista syist\u00e4. Pid\u00e4t\u00e4mme my\u00f6s oikeuden tehd\u00e4 muutoksia matkaohjelmiin. Lasten alennukset Sovelletaan, jos tekstiss\u00e4 ei toisin mainita. Lapset kahden vanhemman kanssa lis\u00e4vuoteessa:* 12-15 vuotta -25%* 6-11 vuotta -50% Lapset yhden vanhemman kanssa, aikuisten s\u00e4ngyss\u00e4:* 12-15 vuotta -10%* 6-11 vuotta -25% 0\u20135-vuotiaat lapset, [&hellip;]<\/p>\n","protected":false},"author":1,"featured_media":0,"parent":0,"menu_order":0,"comment_status":"closed","ping_status":"closed","template":"","meta":{"footnotes":""},"class_list":["post-753","page","type-page","status-publish","hentry"],"_links":{"self":[{"href":"https:\/\/www.ingves.fi\/fi\/wp-json\/wp\/v2\/pages\/753","targetHints":{"allow":["GET"]}}],"collection":[{"href":"https:\/\/www.ingves.fi\/fi\/wp-json\/wp\/v2\/pages"}],"about":[{"href":"https:\/\/www.ingves.fi\/fi\/wp-json\/wp\/v2\/types\/page"}],"author":[{"embeddable":true,"href":"https:\/\/www.ingves.fi\/fi\/wp-json\/wp\/v2\/users\/1"}],"replies":[{"embeddable":true,"href":"https:\/\/www.ingves.fi\/fi\/wp-json\/wp\/v2\/comments?post=753"}],"version-history":[{"count":16,"href":"https:\/\/www.ingves.fi\/fi\/wp-json\/wp\/v2\/pages\/753\/revisions"}],"predecessor-version":[{"id":8326,"href":"https:\/\/www.ingves.fi\/fi\/wp-json\/wp\/v2\/pages\/753\/revisions\/8326"}],"wp:attachment":[{"href":"https:\/\/www.ingves.fi\/fi\/wp-json\/wp\/v2\/media?parent=753"}],"curies":[{"name":"wp","href":"https:\/\/api.w.org\/{rel}","templated":true}]}}