{"id":6339,"date":"2025-10-22T11:47:35","date_gmt":"2025-10-22T08:47:35","guid":{"rendered":"https:\/\/www.ingves.fi\/?page_id=6339"},"modified":"2026-03-06T10:49:42","modified_gmt":"2026-03-06T08:49:42","slug":"tilaa-uutiskirje","status":"publish","type":"page","link":"https:\/\/www.ingves.fi\/fi\/tilaa-uutiskirje\/","title":{"rendered":"Tilaa uutiskirje"},"content":{"rendered":"\t\t<div data-elementor-type=\"wp-page\" data-elementor-id=\"6339\" class=\"elementor elementor-6339 elementor-4542\" data-elementor-post-type=\"page\">\n\t\t\t\t<div class=\"elementor-element elementor-element-1fd4d69 e-flex e-con-boxed e-con e-parent\" data-id=\"1fd4d69\" data-element_type=\"container\" data-e-type=\"container\">\n\t\t\t\t\t<div class=\"e-con-inner\">\n\t\t\t\t<div class=\"elementor-element elementor-element-c965ca3 elementor-widget elementor-widget-heading\" data-id=\"c965ca3\" data-element_type=\"widget\" data-e-type=\"widget\" data-widget_type=\"heading.default\">\n\t\t\t\t<div class=\"elementor-widget-container\">\n\t\t\t\t\t<h1 class=\"elementor-heading-title elementor-size-default\">Tilaa uutiskirje<\/h1>\t\t\t\t<\/div>\n\t\t\t\t<\/div>\n\t\t\t\t\t<\/div>\n\t\t\t\t<\/div>\n\t\t<div class=\"elementor-element elementor-element-e3f39db e-flex e-con-boxed e-con e-parent\" data-id=\"e3f39db\" data-element_type=\"container\" data-e-type=\"container\">\n\t\t\t\t\t<div class=\"e-con-inner\">\n\t\t<div class=\"elementor-element elementor-element-f2a36cb e-con-full e-flex e-con e-child\" data-id=\"f2a36cb\" data-element_type=\"container\" data-e-type=\"container\">\n\t\t\t\t<div class=\"elementor-element elementor-element-c689dfd elementor-widget elementor-widget-heading\" data-id=\"c689dfd\" data-element_type=\"widget\" data-e-type=\"widget\" data-widget_type=\"heading.default\">\n\t\t\t\t<div class=\"elementor-widget-container\">\n\t\t\t\t\t<h2 class=\"elementor-heading-title elementor-size-default\">Matkainspiraatiota suoraan s\u00e4hk\u00f6postiisi<\/h2>\t\t\t\t<\/div>\n\t\t\t\t<\/div>\n\t\t\t\t<div class=\"elementor-element elementor-element-ca64452 elementor-widget elementor-widget-text-editor\" data-id=\"ca64452\" data-element_type=\"widget\" data-e-type=\"widget\" data-widget_type=\"text-editor.default\">\n\t\t\t\t<div class=\"elementor-widget-container\">\n\t\t\t\t\t\t\t\t\t<p>Tilaa uutiskirjeemme ja saat noin kerran kuukaudessa suoraan s\u00e4hk\u00f6postiisi uusimmat matkamme, ajankohtaiset tarjoukset ja inspiraatiota seuraavaa lomaasi varten.<\/p><p>Jokaisessa kirjeess\u00e4 on mahdollisuus peruuttaa tilaus. <u><a href=\"https:\/\/preview.mailerlite.com\/d1q3s2c7r2\" target=\"_blank\" rel=\"noopener\">T\u00e4st\u00e4 voit tutustua<\/a><\/u> tuoreimpaan uutiskirjeeseemme.<\/p>\t\t\t\t\t\t\t\t<\/div>\n\t\t\t\t<\/div>\n\t\t\t\t<\/div>\n\t\t\t\t<div class=\"elementor-element elementor-element-c92dd85 elementor-widget__width-initial elementor-widget-tablet__width-initial elementor-widget elementor-widget-text-editor\" data-id=\"c92dd85\" data-element_type=\"widget\" data-e-type=\"widget\" data-widget_type=\"text-editor.default\">\n\t\t\t\t<div class=\"elementor-widget-container\">\n\t\t\t\t\t\t\t\t\t<p><script type=\"text\/javascript\" src=\"https:\/\/app.mailerlite.com\/data\/webforms\/42601\/b9l3d8.js?v18\"><span data-mce-type=\"bookmark\" style=\"display: inline-block; width: 0px; overflow: hidden; line-height: 0;\" class=\"mce_SELRES_start\">\ufeff<\/span><\/script><\/p>\t\t\t\t\t\t\t\t<\/div>\n\t\t\t\t<\/div>\n\t\t\t\t\t<\/div>\n\t\t\t\t<\/div>\n\t\t<div class=\"elementor-element elementor-element-d0637b5 e-flex e-con-boxed e-con e-parent\" data-id=\"d0637b5\" data-element_type=\"container\" data-e-type=\"container\">\n\t\t\t\t\t<div class=\"e-con-inner\">\n\t\t<div class=\"elementor-element elementor-element-d9358d6 e-con-full e-flex e-con e-child\" data-id=\"d9358d6\" data-element_type=\"container\" data-e-type=\"container\">\n\t\t\t\t<div class=\"elementor-element elementor-element-58bbe8a elementor-widget__width-initial elementor-widget elementor-widget-image\" data-id=\"58bbe8a\" data-element_type=\"widget\" data-e-type=\"widget\" data-widget_type=\"image.default\">\n\t\t\t\t<div class=\"elementor-widget-container\">\n\t\t\t\t\t\t\t\t\t\t\t\t\t\t\t<img fetchpriority=\"high\" decoding=\"async\" width=\"1920\" height=\"1072\" src=\"https:\/\/www.ingves.fi\/wp-content\/uploads\/2025\/12\/uutiskirje-nyhetsbrev.jpg\" class=\"attachment-full size-full wp-image-6509\" alt=\"\" srcset=\"https:\/\/www.ingves.fi\/wp-content\/uploads\/2025\/12\/uutiskirje-nyhetsbrev.jpg 1920w, https:\/\/www.ingves.fi\/wp-content\/uploads\/2025\/12\/uutiskirje-nyhetsbrev-300x168.jpg 300w, https:\/\/www.ingves.fi\/wp-content\/uploads\/2025\/12\/uutiskirje-nyhetsbrev-1024x572.jpg 1024w, https:\/\/www.ingves.fi\/wp-content\/uploads\/2025\/12\/uutiskirje-nyhetsbrev-768x429.jpg 768w, https:\/\/www.ingves.fi\/wp-content\/uploads\/2025\/12\/uutiskirje-nyhetsbrev-1536x858.jpg 1536w\" sizes=\"(max-width: 1920px) 100vw, 1920px\" \/>\t\t\t\t\t\t\t\t\t\t\t\t\t\t\t<\/div>\n\t\t\t\t<\/div>\n\t\t\t\t<\/div>\n\t\t\t\t\t<\/div>\n\t\t\t\t<\/div>\n\t\t\t\t<\/div>\n\t\t","protected":false},"excerpt":{"rendered":"<p>Tilaa uutiskirje Matkainspiraatiota suoraan s\u00e4hk\u00f6postiisi Tilaa uutiskirjeemme ja saat noin kerran kuukaudessa suoraan s\u00e4hk\u00f6postiisi uusimmat matkamme, ajankohtaiset tarjoukset ja inspiraatiota seuraavaa lomaasi varten. Jokaisessa kirjeess\u00e4 on mahdollisuus peruuttaa tilaus. T\u00e4st\u00e4 voit tutustua tuoreimpaan uutiskirjeeseemme.<\/p>\n","protected":false},"author":11,"featured_media":0,"parent":0,"menu_order":0,"comment_status":"closed","ping_status":"closed","template":"","meta":{"footnotes":""},"class_list":["post-6339","page","type-page","status-publish","hentry"],"_links":{"self":[{"href":"https:\/\/www.ingves.fi\/fi\/wp-json\/wp\/v2\/pages\/6339","targetHints":{"allow":["GET"]}}],"collection":[{"href":"https:\/\/www.ingves.fi\/fi\/wp-json\/wp\/v2\/pages"}],"about":[{"href":"https:\/\/www.ingves.fi\/fi\/wp-json\/wp\/v2\/types\/page"}],"author":[{"embeddable":true,"href":"https:\/\/www.ingves.fi\/fi\/wp-json\/wp\/v2\/users\/11"}],"replies":[{"embeddable":true,"href":"https:\/\/www.ingves.fi\/fi\/wp-json\/wp\/v2\/comments?post=6339"}],"version-history":[{"count":52,"href":"https:\/\/www.ingves.fi\/fi\/wp-json\/wp\/v2\/pages\/6339\/revisions"}],"predecessor-version":[{"id":8375,"href":"https:\/\/www.ingves.fi\/fi\/wp-json\/wp\/v2\/pages\/6339\/revisions\/8375"}],"wp:attachment":[{"href":"https:\/\/www.ingves.fi\/fi\/wp-json\/wp\/v2\/media?parent=6339"}],"curies":[{"name":"wp","href":"https:\/\/api.w.org\/{rel}","templated":true}]}}