{"id":398,"date":"2025-05-27T17:12:03","date_gmt":"2025-05-27T14:12:03","guid":{"rendered":"https:\/\/www.ingves.fi\/kiitos-paljon\/"},"modified":"2025-09-10T13:03:05","modified_gmt":"2025-09-10T10:03:05","slug":"kiitos-paljon","status":"publish","type":"page","link":"https:\/\/www.ingves.fi\/fi\/kiitos-paljon\/","title":{"rendered":"Kiitos!"},"content":{"rendered":"Kiitos matkan varaamisesta. Tarkista vahvistus s\u00e4hk\u00f6postistasi. Varauksesi on valmis vasta, kun saat s\u00e4hk\u00f6postiisi vahvistusviestin ja laskut Ingves Travelilta.\n","protected":false},"excerpt":{"rendered":"","protected":false},"author":1,"featured_media":0,"parent":0,"menu_order":0,"comment_status":"closed","ping_status":"closed","template":"","meta":{"footnotes":""},"class_list":["post-398","page","type-page","status-publish","hentry"],"_links":{"self":[{"href":"https:\/\/www.ingves.fi\/fi\/wp-json\/wp\/v2\/pages\/398","targetHints":{"allow":["GET"]}}],"collection":[{"href":"https:\/\/www.ingves.fi\/fi\/wp-json\/wp\/v2\/pages"}],"about":[{"href":"https:\/\/www.ingves.fi\/fi\/wp-json\/wp\/v2\/types\/page"}],"author":[{"embeddable":true,"href":"https:\/\/www.ingves.fi\/fi\/wp-json\/wp\/v2\/users\/1"}],"replies":[{"embeddable":true,"href":"https:\/\/www.ingves.fi\/fi\/wp-json\/wp\/v2\/comments?post=398"}],"version-history":[{"count":2,"href":"https:\/\/www.ingves.fi\/fi\/wp-json\/wp\/v2\/pages\/398\/revisions"}],"predecessor-version":[{"id":2651,"href":"https:\/\/www.ingves.fi\/fi\/wp-json\/wp\/v2\/pages\/398\/revisions\/2651"}],"wp:attachment":[{"href":"https:\/\/www.ingves.fi\/fi\/wp-json\/wp\/v2\/media?parent=398"}],"curies":[{"name":"wp","href":"https:\/\/api.w.org\/{rel}","templated":true}]}}