{"id":3063,"date":"2025-09-24T15:09:47","date_gmt":"2025-09-24T12:09:47","guid":{"rendered":"https:\/\/www.ingves.fi\/?page_id=3063"},"modified":"2025-10-02T14:09:10","modified_gmt":"2025-10-02T11:09:10","slug":"kroatia","status":"publish","type":"page","link":"https:\/\/www.ingves.fi\/fi\/kroatia\/","title":{"rendered":"Kroatia"},"content":{"rendered":"\t\t<div data-elementor-type=\"wp-page\" data-elementor-id=\"3063\" class=\"elementor elementor-3063\" data-elementor-post-type=\"page\">\n\t\t\t\t<div class=\"elementor-element elementor-element-6586e11d e-flex e-con-boxed e-con e-parent\" data-id=\"6586e11d\" data-element_type=\"container\" data-e-type=\"container\">\n\t\t\t\t\t<div class=\"e-con-inner\">\n\t\t\t\t<div class=\"elementor-element elementor-element-5d2201a elementor-widget elementor-widget-heading\" data-id=\"5d2201a\" data-element_type=\"widget\" data-e-type=\"widget\" data-widget_type=\"heading.default\">\n\t\t\t\t<div class=\"elementor-widget-container\">\n\t\t\t\t\t<h2 class=\"elementor-heading-title elementor-size-default\"><p><b>Rannikkolomailua historiallisissa puitteissa<\/b><span><\/span><\/p><\/h2>\t\t\t\t<\/div>\n\t\t\t\t<\/div>\n\t\t\t\t\t<\/div>\n\t\t\t\t<\/div>\n\t\t<div class=\"elementor-element elementor-element-46177cf6 e-flex e-con-boxed e-con e-parent\" data-id=\"46177cf6\" data-element_type=\"container\" data-e-type=\"container\">\n\t\t\t\t\t<div class=\"e-con-inner\">\n\t\t<div class=\"elementor-element elementor-element-6f574cab e-con-full e-flex e-con e-child\" data-id=\"6f574cab\" data-element_type=\"container\" data-e-type=\"container\">\n\t\t\t\t<div class=\"elementor-element elementor-element-383d46c elementor-widget elementor-widget-image\" data-id=\"383d46c\" data-element_type=\"widget\" data-e-type=\"widget\" data-widget_type=\"image.default\">\n\t\t\t\t<div class=\"elementor-widget-container\">\n\t\t\t\t\t\t\t\t\t\t\t\t\t\t\t<img fetchpriority=\"high\" decoding=\"async\" width=\"800\" height=\"368\" src=\"https:\/\/www.ingves.fi\/wp-content\/uploads\/2025\/10\/amphitheater-pula-croatia-1024x471.jpg\" class=\"attachment-large size-large wp-image-3555\" alt=\"\" srcset=\"https:\/\/www.ingves.fi\/wp-content\/uploads\/2025\/10\/amphitheater-pula-croatia-1024x471.jpg 1024w, https:\/\/www.ingves.fi\/wp-content\/uploads\/2025\/10\/amphitheater-pula-croatia-300x138.jpg 300w, https:\/\/www.ingves.fi\/wp-content\/uploads\/2025\/10\/amphitheater-pula-croatia-768x353.jpg 768w, https:\/\/www.ingves.fi\/wp-content\/uploads\/2025\/10\/amphitheater-pula-croatia-1536x706.jpg 1536w, https:\/\/www.ingves.fi\/wp-content\/uploads\/2025\/10\/amphitheater-pula-croatia.jpg 1920w\" sizes=\"(max-width: 800px) 100vw, 800px\" \/>\t\t\t\t\t\t\t\t\t\t\t\t\t\t\t<\/div>\n\t\t\t\t<\/div>\n\t\t\t\t<\/div>\n\t\t<div class=\"elementor-element elementor-element-53480747 e-con-full e-flex e-con e-child\" data-id=\"53480747\" data-element_type=\"container\" data-e-type=\"container\">\n\t\t\t\t<div class=\"elementor-element elementor-element-d3b2f87 elementor-widget__width-initial elementor-widget elementor-widget-text-editor\" data-id=\"d3b2f87\" data-element_type=\"widget\" data-e-type=\"widget\" data-widget_type=\"text-editor.default\">\n\t\t\t\t<div class=\"elementor-widget-container\">\n\t\t\t\t\t\t\t\t\t<p><strong>Kroatia tarjoaa matkailijalle unohtumattoman kokemuksen, jossa yhdistyv\u00e4t rikas historia, upea luonto ja rento V\u00e4limeren tunnelma. Adrianmeren rannikolla sijaitseva maa hurmaa ainutlaatuisilla kaupungeillaan, kristallinkirkkaalla vedell\u00e4\u00e4n ja herkullisella ruoallaan.<\/strong><\/p><p>Useimmat rantakaupungit ovat kompaktin kokoisia, ja vanhakaupungit ovat usein autottomia, mik\u00e4 tekee niist\u00e4 ihanteellisia k\u00e4velij\u00e4lle. Kroatiassa t\u00f6rm\u00e4\u00e4 v\u00e4litt\u00f6m\u00e4sti antiikin Roomaan, sielt\u00e4 l\u00f6ytyy mm. yksi maailman parhaiten s\u00e4ilyneist\u00e4 amfiteattereista.<\/p>\t\t\t\t\t\t\t\t<\/div>\n\t\t\t\t<\/div>\n\t\t\t\t<\/div>\n\t\t\t\t\t<\/div>\n\t\t\t\t<\/div>\n\t\t<div class=\"elementor-element elementor-element-f9eacc5 e-flex e-con-boxed e-con e-parent\" data-id=\"f9eacc5\" data-element_type=\"container\" data-e-type=\"container\">\n\t\t\t\t\t<div class=\"e-con-inner\">\n\t\t<div class=\"elementor-element elementor-element-aae6463 e-con-full e-flex e-con e-child\" data-id=\"aae6463\" data-element_type=\"container\" data-e-type=\"container\">\n\t\t\t\t<div class=\"elementor-element elementor-element-6acd277 elementor-widget elementor-widget-text-editor\" data-id=\"6acd277\" data-element_type=\"widget\" data-e-type=\"widget\" data-widget_type=\"text-editor.default\">\n\t\t\t\t<div class=\"elementor-widget-container\">\n\t\t\t\t\t\t\t\t\t<p><strong>Portti Balkanin maihin\u00a0<\/strong><\/p><p>Kroatian sijainti tekee siit\u00e4 ihanteellisen tukikohdan laajemmalle Balkanin seikkailulle. Lyhyen matkan p\u00e4\u00e4ss\u00e4 odottavat Slovenian alppimaisemat, Montenegron jylh\u00e4t vuonot ja Bosnia-Hertsegovinan kulttuurien kirjo. Ja jos syd\u00e4n sykkii italialaiselle tunnelmalle, Venetsia ja Trieste ovat vain lauttamatkan tai ajomatkan p\u00e4\u00e4ss\u00e4.<\/p><p>Teemme joka vuosi monta kiertomatkaa, jossa tutustumme v\u00e4hint\u00e4\u00e4n kahteen maahan alueella.<\/p>\t\t\t\t\t\t\t\t<\/div>\n\t\t\t\t<\/div>\n\t\t<div class=\"elementor-element elementor-element-fe97530 e-con-full e-flex e-con e-child\" data-id=\"fe97530\" data-element_type=\"container\" data-e-type=\"container\">\n\t\t<div class=\"elementor-element elementor-element-694986a e-con-full e-flex e-con e-child\" data-id=\"694986a\" data-element_type=\"container\" data-e-type=\"container\">\n\t\t\t\t<div class=\"elementor-element elementor-element-0f84023 elementor-alert-success elementor-widget__width-initial elementor-widget elementor-widget-alert\" data-id=\"0f84023\" data-element_type=\"widget\" data-e-type=\"widget\" data-widget_type=\"alert.default\">\n\t\t\t\t<div class=\"elementor-widget-container\">\n\t\t\t\t\t\t\t<div class=\"elementor-alert\" role=\"alert\">\n\n\t\t\t\t\t\t<span class=\"elementor-alert-title\">Esimerkkimatka<\/span>\n\t\t\t\n\t\t\t\t\t\t<span class=\"elementor-alert-description\"><a href=\"https:\/\/www.ingves.fi\/fi\/balkanin-kolme-maata\/\">Balkanin kolme maata<\/a><\/span>\n\t\t\t\n\t\t\t\t\t\t<button type=\"button\" class=\"elementor-alert-dismiss\" aria-label=\"Dismiss this alert.\">\n\t\t\t\t<svg aria-hidden=\"true\" class=\"e-font-icon-svg e-far-map\" viewBox=\"0 0 576 512\" xmlns=\"http:\/\/www.w3.org\/2000\/svg\"><path d=\"M560.02 32c-1.96 0-3.98.37-5.96 1.16L384.01 96H384L212 35.28A64.252 64.252 0 0 0 191.76 32c-6.69 0-13.37 1.05-19.81 3.14L20.12 87.95A32.006 32.006 0 0 0 0 117.66v346.32C0 473.17 7.53 480 15.99 480c1.96 0 3.97-.37 5.96-1.16L192 416l172 60.71a63.98 63.98 0 0 0 40.05.15l151.83-52.81A31.996 31.996 0 0 0 576 394.34V48.02c0-9.19-7.53-16.02-15.98-16.02zM224 90.42l128 45.19v285.97l-128-45.19V90.42zM48 418.05V129.07l128-44.53v286.2l-.64.23L48 418.05zm480-35.13l-128 44.53V141.26l.64-.24L528 93.95v288.97z\"><\/path><\/svg>\t\t\t<\/button>\n\t\t\t\n\t\t<\/div>\n\t\t\t\t\t\t<\/div>\n\t\t\t\t<\/div>\n\t\t\t\t<\/div>\n\t\t<div class=\"elementor-element elementor-element-de60c69 e-con-full e-flex e-con e-child\" data-id=\"de60c69\" data-element_type=\"container\" data-e-type=\"container\">\n\t\t\t\t<div class=\"elementor-element elementor-element-bcec628 elementor-alert-success elementor-widget__width-initial elementor-widget elementor-widget-alert\" data-id=\"bcec628\" data-element_type=\"widget\" data-e-type=\"widget\" data-widget_type=\"alert.default\">\n\t\t\t\t<div class=\"elementor-widget-container\">\n\t\t\t\t\t\t\t<div class=\"elementor-alert\" role=\"alert\">\n\n\t\t\t\t\t\t<span class=\"elementor-alert-title\">Muut kohteet<\/span>\n\t\t\t\n\t\t\t\t\t\t<span class=\"elementor-alert-description\"><a href=\"https:\/\/www.ingves.fi\/fi\/kohteet\/\">Matkailuvinkkej\u00e4 ja inspiraatiota<\/a>\n<br>\n<a href=\"https:\/\/www.ingves.fi\/fi\/matkat\/\">Suomenkieliset matkamme<\/a>\n<br>\n<a href=\"https:\/\/www.ingves.fi\">Ruotsinkieliset maktakamme<\/a><\/span>\n\t\t\t\n\t\t\t\t\t\t<button type=\"button\" class=\"elementor-alert-dismiss\" aria-label=\"Dismiss this alert.\">\n\t\t\t\t<svg aria-hidden=\"true\" class=\"e-font-icon-svg e-far-map\" viewBox=\"0 0 576 512\" xmlns=\"http:\/\/www.w3.org\/2000\/svg\"><path d=\"M560.02 32c-1.96 0-3.98.37-5.96 1.16L384.01 96H384L212 35.28A64.252 64.252 0 0 0 191.76 32c-6.69 0-13.37 1.05-19.81 3.14L20.12 87.95A32.006 32.006 0 0 0 0 117.66v346.32C0 473.17 7.53 480 15.99 480c1.96 0 3.97-.37 5.96-1.16L192 416l172 60.71a63.98 63.98 0 0 0 40.05.15l151.83-52.81A31.996 31.996 0 0 0 576 394.34V48.02c0-9.19-7.53-16.02-15.98-16.02zM224 90.42l128 45.19v285.97l-128-45.19V90.42zM48 418.05V129.07l128-44.53v286.2l-.64.23L48 418.05zm480-35.13l-128 44.53V141.26l.64-.24L528 93.95v288.97z\"><\/path><\/svg>\t\t\t<\/button>\n\t\t\t\n\t\t<\/div>\n\t\t\t\t\t\t<\/div>\n\t\t\t\t<\/div>\n\t\t\t\t<\/div>\n\t\t\t\t<\/div>\n\t\t\t\t<\/div>\n\t\t<div class=\"elementor-element elementor-element-476aa8f e-con-full e-flex e-con e-child\" data-id=\"476aa8f\" data-element_type=\"container\" data-e-type=\"container\">\n\t\t\t\t<div class=\"elementor-element elementor-element-103d963 elementor-widget elementor-widget-video\" data-id=\"103d963\" data-element_type=\"widget\" data-e-type=\"widget\" data-settings=\"{&quot;youtube_url&quot;:&quot;https:\\\/\\\/youtu.be\\\/YXnXlZAXB0M&quot;,&quot;video_type&quot;:&quot;youtube&quot;,&quot;controls&quot;:&quot;yes&quot;}\" data-widget_type=\"video.default\">\n\t\t\t\t<div class=\"elementor-widget-container\">\n\t\t\t\t\t\t\t<div class=\"elementor-wrapper elementor-open-inline\">\n\t\t\t<div class=\"elementor-video\"><\/div>\t\t<\/div>\n\t\t\t\t\t\t<\/div>\n\t\t\t\t<\/div>\n\t\t\t\t<\/div>\n\t\t\t\t\t<\/div>\n\t\t\t\t<\/div>\n\t\t<div class=\"elementor-element elementor-element-ff23ad5 e-flex e-con-boxed e-con e-parent\" data-id=\"ff23ad5\" data-element_type=\"container\" data-e-type=\"container\">\n\t\t\t\t\t<div class=\"e-con-inner\">\n\t\t\t\t<div class=\"elementor-element elementor-element-477701a elementor-widget-divider--view-line elementor-widget elementor-widget-divider\" data-id=\"477701a\" data-element_type=\"widget\" data-e-type=\"widget\" data-widget_type=\"divider.default\">\n\t\t\t\t<div class=\"elementor-widget-container\">\n\t\t\t\t\t\t\t<div class=\"elementor-divider\">\n\t\t\t<span class=\"elementor-divider-separator\">\n\t\t\t\t\t\t<\/span>\n\t\t<\/div>\n\t\t\t\t\t\t<\/div>\n\t\t\t\t<\/div>\n\t\t\t\t\t<\/div>\n\t\t\t\t<\/div>\n\t\t<div class=\"elementor-element elementor-element-c78ab4c e-flex e-con-boxed e-con e-parent\" data-id=\"c78ab4c\" data-element_type=\"container\" data-e-type=\"container\">\n\t\t\t\t\t<div class=\"e-con-inner\">\n\t\t\t\t<div class=\"elementor-element elementor-element-15d3a73 elementor-widget elementor-widget-text-editor\" data-id=\"15d3a73\" data-element_type=\"widget\" data-e-type=\"widget\" data-widget_type=\"text-editor.default\">\n\t\t\t\t<div class=\"elementor-widget-container\">\n\t\t\t\t\t\t\t\t\t<p><b>KAUPUNKIEN LUMOA<\/b><u><\/u><\/p>\t\t\t\t\t\t\t\t<\/div>\n\t\t\t\t<\/div>\n\t\t\t\t\t<\/div>\n\t\t\t\t<\/div>\n\t\t<div class=\"elementor-element elementor-element-8260b69 e-flex e-con-boxed e-con e-parent\" data-id=\"8260b69\" data-element_type=\"container\" data-e-type=\"container\">\n\t\t\t\t\t<div class=\"e-con-inner\">\n\t\t<div class=\"elementor-element elementor-element-6bc39eb e-con-full e-flex e-con e-child\" data-id=\"6bc39eb\" data-element_type=\"container\" data-e-type=\"container\">\n\t\t\t\t<div class=\"elementor-element elementor-element-d5624a7 elementor-widget elementor-widget-text-editor\" data-id=\"d5624a7\" data-element_type=\"widget\" data-e-type=\"widget\" data-widget_type=\"text-editor.default\">\n\t\t\t\t<div class=\"elementor-widget-container\">\n\t\t\t\t\t\t\t\t\t<p><strong>Split<\/strong><\/p><p><b>Split <\/b>on Adrianmeren rannikon suosituin matkakohde ja todellinen historiallinen helmi, jolla on mielenkiintoinen kaupunkimaisen asutuksen historia 2300 vuoden ajalta. Kaupungin syd\u00e4n sykkii Diokletianuksen palatsissa, jonka j\u00e4\u00e4nteet muodostavat ainutlaatuisen vanhankaupungin alueen. K\u00e4vele kapeilla kujilla, nauti tunnelmasta Riva-rantakadulla ja vieraile pyh\u00e4n Domniuksen katedraalissa. Splitist\u00e4 on helppo jatkaa matkaa lautalla saaristoon, kuten l\u00e4heisille Bracin ja Hvarin saarille.<\/p>\t\t\t\t\t\t\t\t<\/div>\n\t\t\t\t<\/div>\n\t\t\t\t<\/div>\n\t\t<div class=\"elementor-element elementor-element-db7b86c e-con-full e-flex e-con e-child\" data-id=\"db7b86c\" data-element_type=\"container\" data-e-type=\"container\">\n\t\t\t\t<div class=\"elementor-element elementor-element-5fb702a elementor-widget elementor-widget-image\" data-id=\"5fb702a\" data-element_type=\"widget\" data-e-type=\"widget\" data-widget_type=\"image.default\">\n\t\t\t\t<div class=\"elementor-widget-container\">\n\t\t\t\t\t\t\t\t\t\t\t\t\t\t\t<img decoding=\"async\" width=\"768\" height=\"512\" src=\"https:\/\/www.ingves.fi\/wp-content\/uploads\/2025\/09\/Split-Makarska-riviera-kroatien-kroatia-matka-strand-768x512.jpg\" class=\"attachment-medium_large size-medium_large wp-image-3084\" alt=\"\" srcset=\"https:\/\/www.ingves.fi\/wp-content\/uploads\/2025\/09\/Split-Makarska-riviera-kroatien-kroatia-matka-strand-768x512.jpg 768w, https:\/\/www.ingves.fi\/wp-content\/uploads\/2025\/09\/Split-Makarska-riviera-kroatien-kroatia-matka-strand-300x200.jpg 300w, https:\/\/www.ingves.fi\/wp-content\/uploads\/2025\/09\/Split-Makarska-riviera-kroatien-kroatia-matka-strand-1024x683.jpg 1024w, https:\/\/www.ingves.fi\/wp-content\/uploads\/2025\/09\/Split-Makarska-riviera-kroatien-kroatia-matka-strand.jpg 1366w\" sizes=\"(max-width: 768px) 100vw, 768px\" \/>\t\t\t\t\t\t\t\t\t\t\t\t\t\t\t<\/div>\n\t\t\t\t<\/div>\n\t\t\t\t<\/div>\n\t\t\t\t\t<\/div>\n\t\t\t\t<\/div>\n\t\t<div class=\"elementor-element elementor-element-134e9842 e-flex e-con-boxed e-con e-parent\" data-id=\"134e9842\" data-element_type=\"container\" data-e-type=\"container\">\n\t\t\t\t\t<div class=\"e-con-inner\">\n\t\t<div class=\"elementor-element elementor-element-4cc73f5a e-con-full e-flex e-con e-child\" data-id=\"4cc73f5a\" data-element_type=\"container\" data-e-type=\"container\">\n\t\t\t\t<div class=\"elementor-element elementor-element-4381099a elementor-widget elementor-widget-text-editor\" data-id=\"4381099a\" data-element_type=\"widget\" data-e-type=\"widget\" data-widget_type=\"text-editor.default\">\n\t\t\t\t<div class=\"elementor-widget-container\">\n\t\t\t\t\t\t\t\t\t<p><strong>Trogir <\/strong><\/p><p>Trogir on yksi Kroatian vanhimmista kaupungeista, jonka juuret ulottuvat antiikin Kreikan aikaan. Osa sen arkkitehtuurista on Rooman valtakunnan perint\u00f6\u00e4, jonka muurit ja kapeat kujat ovat l\u00e4hes t\u00e4ydellisesti s\u00e4ilyneet. Kaupunki sijaitsee pienell\u00e4 saarella, joka on yhdistetty siltojen avulla sek\u00e4 mantereeseen ett\u00e4 Ciovon saareen. Trogir on kuin ulkoilmamuseo, jossa p\u00e4\u00e4set nauttimaan kahviloiden ja ravintoloiden antimista historiallisessa ymp\u00e4rist\u00f6ss\u00e4.<\/p>\t\t\t\t\t\t\t\t<\/div>\n\t\t\t\t<\/div>\n\t\t\t\t<\/div>\n\t\t<div class=\"elementor-element elementor-element-2ff4ebe3 e-con-full e-flex e-con e-child\" data-id=\"2ff4ebe3\" data-element_type=\"container\" data-e-type=\"container\">\n\t\t\t\t<div class=\"elementor-element elementor-element-5b81742 elementor-widget elementor-widget-image\" data-id=\"5b81742\" data-element_type=\"widget\" data-e-type=\"widget\" data-widget_type=\"image.default\">\n\t\t\t\t<div class=\"elementor-widget-container\">\n\t\t\t\t\t\t\t\t\t\t\t\t\t\t\t<img decoding=\"async\" width=\"768\" height=\"432\" src=\"https:\/\/www.ingves.fi\/wp-content\/uploads\/2025\/09\/trogir-elevated-768x432.jpg\" class=\"attachment-medium_large size-medium_large wp-image-3087\" alt=\"\" srcset=\"https:\/\/www.ingves.fi\/wp-content\/uploads\/2025\/09\/trogir-elevated-768x432.jpg 768w, https:\/\/www.ingves.fi\/wp-content\/uploads\/2025\/09\/trogir-elevated-300x169.jpg 300w, https:\/\/www.ingves.fi\/wp-content\/uploads\/2025\/09\/trogir-elevated-1024x576.jpg 1024w, https:\/\/www.ingves.fi\/wp-content\/uploads\/2025\/09\/trogir-elevated-1536x864.jpg 1536w, https:\/\/www.ingves.fi\/wp-content\/uploads\/2025\/09\/trogir-elevated.jpg 1920w\" sizes=\"(max-width: 768px) 100vw, 768px\" \/>\t\t\t\t\t\t\t\t\t\t\t\t\t\t\t<\/div>\n\t\t\t\t<\/div>\n\t\t\t\t<\/div>\n\t\t\t\t\t<\/div>\n\t\t\t\t<\/div>\n\t\t<div class=\"elementor-element elementor-element-347d0f51 e-flex e-con-boxed e-con e-parent\" data-id=\"347d0f51\" data-element_type=\"container\" data-e-type=\"container\">\n\t\t\t\t\t<div class=\"e-con-inner\">\n\t\t<div class=\"elementor-element elementor-element-467c7950 e-con-full e-flex e-con e-child\" data-id=\"467c7950\" data-element_type=\"container\" data-e-type=\"container\">\n\t\t\t\t<div class=\"elementor-element elementor-element-469f66b elementor-widget elementor-widget-text-editor\" data-id=\"469f66b\" data-element_type=\"widget\" data-e-type=\"widget\" data-widget_type=\"text-editor.default\">\n\t\t\t\t<div class=\"elementor-widget-container\">\n\t\t\t\t\t\t\t\t\t<p><strong>\u0160ibenik <\/strong><\/p><p>\u0160ibenik on toinen Kroatian Adrianmeren rannikon helmi. Se tunnetaan kivisist\u00e4 pikkukujistaan, lukemattomista portaistaan ja kauniista taideteoksista, joita l\u00f6ytyy gallerioista ja putiikeista. \u0160ibenikin ylpeys on sen upea Pyh\u00e4n Jaakon katedraali, joka on Unescon maailmanperint\u00f6kohde.<\/p>\t\t\t\t\t\t\t\t<\/div>\n\t\t\t\t<\/div>\n\t\t\t\t<\/div>\n\t\t<div class=\"elementor-element elementor-element-41d532cb e-con-full e-flex e-con e-child\" data-id=\"41d532cb\" data-element_type=\"container\" data-e-type=\"container\">\n\t\t\t\t<div class=\"elementor-element elementor-element-b9e0976 elementor-widget elementor-widget-image\" data-id=\"b9e0976\" data-element_type=\"widget\" data-e-type=\"widget\" data-widget_type=\"image.default\">\n\t\t\t\t<div class=\"elementor-widget-container\">\n\t\t\t\t\t\t\t\t\t\t\t\t\t\t\t<img loading=\"lazy\" decoding=\"async\" width=\"768\" height=\"512\" src=\"https:\/\/www.ingves.fi\/wp-content\/uploads\/2025\/09\/Sibenik-Katedrala-Jakova-Jaakon-katedraali_small-768x512.jpg\" class=\"attachment-medium_large size-medium_large wp-image-3096\" alt=\"\" srcset=\"https:\/\/www.ingves.fi\/wp-content\/uploads\/2025\/09\/Sibenik-Katedrala-Jakova-Jaakon-katedraali_small-768x512.jpg 768w, https:\/\/www.ingves.fi\/wp-content\/uploads\/2025\/09\/Sibenik-Katedrala-Jakova-Jaakon-katedraali_small-300x200.jpg 300w, https:\/\/www.ingves.fi\/wp-content\/uploads\/2025\/09\/Sibenik-Katedrala-Jakova-Jaakon-katedraali_small-1024x683.jpg 1024w, https:\/\/www.ingves.fi\/wp-content\/uploads\/2025\/09\/Sibenik-Katedrala-Jakova-Jaakon-katedraali_small-1536x1024.jpg 1536w, https:\/\/www.ingves.fi\/wp-content\/uploads\/2025\/09\/Sibenik-Katedrala-Jakova-Jaakon-katedraali_small.jpg 1920w\" sizes=\"(max-width: 768px) 100vw, 768px\" \/>\t\t\t\t\t\t\t\t\t\t\t\t\t\t\t<\/div>\n\t\t\t\t<\/div>\n\t\t\t\t<\/div>\n\t\t\t\t\t<\/div>\n\t\t\t\t<\/div>\n\t\t<div class=\"elementor-element elementor-element-448b13ae e-flex e-con-boxed e-con e-parent\" data-id=\"448b13ae\" data-element_type=\"container\" data-e-type=\"container\">\n\t\t\t\t\t<div class=\"e-con-inner\">\n\t\t<div class=\"elementor-element elementor-element-55f8ca1 e-con-full e-flex e-con e-child\" data-id=\"55f8ca1\" data-element_type=\"container\" data-e-type=\"container\">\n\t\t\t\t<div class=\"elementor-element elementor-element-7da4402d elementor-widget elementor-widget-text-editor\" data-id=\"7da4402d\" data-element_type=\"widget\" data-e-type=\"widget\" data-widget_type=\"text-editor.default\">\n\t\t\t\t<div class=\"elementor-widget-container\">\n\t\t\t\t\t\t\t\t\t<p>\u202f<strong>Zadar<\/strong><\/p><p>Zadar on kiehtova sekoitus aaltojen laulua ja puistoja. Kaupungissa on lukuisia ravintoloita ja baareja, jotka levitt\u00e4ytyv\u00e4t kaduille ja toreille. T\u00e4\u00e4ll\u00e4 voit nauttia tunnelmasta illalla k\u00e4vellen aaltojen rannalla ja kuunnellen kuuluisan <em>Morske orguljen <\/em>musiikkia (meriurku). Meriurku on kokeellinen taideteos, joka soi aaltojen liikkeen mukaan. Zadar on my\u00f6s tunnettu tapahtumista ja festivaaleistaan.<\/p>\t\t\t\t\t\t\t\t<\/div>\n\t\t\t\t<\/div>\n\t\t\t\t<\/div>\n\t\t<div class=\"elementor-element elementor-element-545bf7a6 e-con-full e-flex e-con e-child\" data-id=\"545bf7a6\" data-element_type=\"container\" data-e-type=\"container\">\n\t\t\t\t<div class=\"elementor-element elementor-element-17d10e5 elementor-widget elementor-widget-video\" data-id=\"17d10e5\" data-element_type=\"widget\" data-e-type=\"widget\" data-settings=\"{&quot;youtube_url&quot;:&quot;https:\\\/\\\/www.youtube.com\\\/watch?v=rwS3Xxe-T38&quot;,&quot;video_type&quot;:&quot;youtube&quot;,&quot;controls&quot;:&quot;yes&quot;}\" data-widget_type=\"video.default\">\n\t\t\t\t<div class=\"elementor-widget-container\">\n\t\t\t\t\t\t\t<div class=\"elementor-wrapper elementor-open-inline\">\n\t\t\t<div class=\"elementor-video\"><\/div>\t\t<\/div>\n\t\t\t\t\t\t<\/div>\n\t\t\t\t<\/div>\n\t\t\t\t<\/div>\n\t\t\t\t\t<\/div>\n\t\t\t\t<\/div>\n\t\t<div class=\"elementor-element elementor-element-2a70cb16 e-flex e-con-boxed e-con e-parent\" data-id=\"2a70cb16\" data-element_type=\"container\" data-e-type=\"container\">\n\t\t\t\t\t<div class=\"e-con-inner\">\n\t\t<div class=\"elementor-element elementor-element-bce3af2 e-con-full e-flex e-con e-child\" data-id=\"bce3af2\" data-element_type=\"container\" data-e-type=\"container\">\n\t\t\t\t<div class=\"elementor-element elementor-element-6edbe38c elementor-widget elementor-widget-text-editor\" data-id=\"6edbe38c\" data-element_type=\"widget\" data-e-type=\"widget\" data-widget_type=\"text-editor.default\">\n\t\t\t\t<div class=\"elementor-widget-container\">\n\t\t\t\t\t\t\t\t\t<p><strong>Vodice <\/strong><\/p><p>Vodice on vilkas lomakaupunki, joka, kuten monet muut rannikon kaupungit, on saanut alkunsa kalastajakyl\u00e4st\u00e4. El\u00e4m\u00e4 sykkii lomakauden tapahtumien ja rantakadun ymp\u00e4rill\u00e4. Rantakadulla p\u00e4\u00e4set nauttimaan kahviloista ja ravintoloista sek\u00e4 Adrianmeren kirkkaista vesist\u00e4. Vodice on my\u00f6s erinomainen tukikohta tutustua l\u00e4hialueen kauniisiin maisemiin.<\/p>\t\t\t\t\t\t\t\t<\/div>\n\t\t\t\t<\/div>\n\t\t\t\t<\/div>\n\t\t<div class=\"elementor-element elementor-element-26c1eeb6 e-con-full e-flex e-con e-child\" data-id=\"26c1eeb6\" data-element_type=\"container\" data-e-type=\"container\">\n\t\t\t\t<div class=\"elementor-element elementor-element-1eaff960 elementor-widget elementor-widget-image\" data-id=\"1eaff960\" data-element_type=\"widget\" data-e-type=\"widget\" data-widget_type=\"image.default\">\n\t\t\t\t<div class=\"elementor-widget-container\">\n\t\t\t\t\t\t\t\t\t\t\t\t\t\t\t<img loading=\"lazy\" decoding=\"async\" width=\"768\" height=\"337\" src=\"https:\/\/www.ingves.fi\/wp-content\/uploads\/2025\/09\/Vodice_boardwalk-small-e1758719574821-768x337.jpg\" class=\"attachment-medium_large size-medium_large wp-image-3101\" alt=\"\" srcset=\"https:\/\/www.ingves.fi\/wp-content\/uploads\/2025\/09\/Vodice_boardwalk-small-e1758719574821-768x337.jpg 768w, https:\/\/www.ingves.fi\/wp-content\/uploads\/2025\/09\/Vodice_boardwalk-small-e1758719574821-300x131.jpg 300w, https:\/\/www.ingves.fi\/wp-content\/uploads\/2025\/09\/Vodice_boardwalk-small-e1758719574821-1024x449.jpg 1024w, https:\/\/www.ingves.fi\/wp-content\/uploads\/2025\/09\/Vodice_boardwalk-small-e1758719574821-1536x673.jpg 1536w, https:\/\/www.ingves.fi\/wp-content\/uploads\/2025\/09\/Vodice_boardwalk-small-e1758719574821.jpg 1917w\" sizes=\"(max-width: 768px) 100vw, 768px\" \/>\t\t\t\t\t\t\t\t\t\t\t\t\t\t\t<\/div>\n\t\t\t\t<\/div>\n\t\t\t\t<\/div>\n\t\t\t\t\t<\/div>\n\t\t\t\t<\/div>\n\t\t\t\t<\/div>\n\t\t","protected":false},"excerpt":{"rendered":"<p>Rannikkolomailua historiallisissa puitteissa Kroatia tarjoaa matkailijalle unohtumattoman kokemuksen, jossa yhdistyv\u00e4t rikas historia, upea luonto ja rento V\u00e4limeren tunnelma. Adrianmeren rannikolla sijaitseva maa hurmaa ainutlaatuisilla kaupungeillaan, kristallinkirkkaalla vedell\u00e4\u00e4n ja herkullisella ruoallaan. Useimmat rantakaupungit ovat kompaktin kokoisia, ja vanhakaupungit ovat usein autottomia, mik\u00e4 tekee niist\u00e4 ihanteellisia k\u00e4velij\u00e4lle. Kroatiassa t\u00f6rm\u00e4\u00e4 v\u00e4litt\u00f6m\u00e4sti antiikin Roomaan, sielt\u00e4 l\u00f6ytyy mm. yksi maailman [&hellip;]<\/p>\n","protected":false},"author":11,"featured_media":0,"parent":0,"menu_order":0,"comment_status":"closed","ping_status":"closed","template":"","meta":{"footnotes":""},"class_list":["post-3063","page","type-page","status-publish","hentry"],"_links":{"self":[{"href":"https:\/\/www.ingves.fi\/fi\/wp-json\/wp\/v2\/pages\/3063","targetHints":{"allow":["GET"]}}],"collection":[{"href":"https:\/\/www.ingves.fi\/fi\/wp-json\/wp\/v2\/pages"}],"about":[{"href":"https:\/\/www.ingves.fi\/fi\/wp-json\/wp\/v2\/types\/page"}],"author":[{"embeddable":true,"href":"https:\/\/www.ingves.fi\/fi\/wp-json\/wp\/v2\/users\/11"}],"replies":[{"embeddable":true,"href":"https:\/\/www.ingves.fi\/fi\/wp-json\/wp\/v2\/comments?post=3063"}],"version-history":[{"count":34,"href":"https:\/\/www.ingves.fi\/fi\/wp-json\/wp\/v2\/pages\/3063\/revisions"}],"predecessor-version":[{"id":3773,"href":"https:\/\/www.ingves.fi\/fi\/wp-json\/wp\/v2\/pages\/3063\/revisions\/3773"}],"wp:attachment":[{"href":"https:\/\/www.ingves.fi\/fi\/wp-json\/wp\/v2\/media?parent=3063"}],"curies":[{"name":"wp","href":"https:\/\/api.w.org\/{rel}","templated":true}]}}