{"id":1093,"date":"2025-03-25T10:23:34","date_gmt":"2025-03-25T08:23:34","guid":{"rendered":"https:\/\/www.ingves.fi\/tietosuojakaytanto\/"},"modified":"2026-03-06T10:50:19","modified_gmt":"2026-03-06T08:50:19","slug":"tietosuojakaytanto","status":"publish","type":"page","link":"https:\/\/www.ingves.fi\/fi\/tietosuojakaytanto\/","title":{"rendered":"Tietosuojak\u00e4yt\u00e4nt\u00f6"},"content":{"rendered":"\t\t<div data-elementor-type=\"wp-page\" data-elementor-id=\"1093\" class=\"elementor elementor-1093 elementor-3\" data-elementor-post-type=\"page\">\n\t\t\t\t<div class=\"elementor-element elementor-element-26dca27 e-flex e-con-boxed e-con e-parent\" data-id=\"26dca27\" data-element_type=\"container\" data-e-type=\"container\">\n\t\t\t\t\t<div class=\"e-con-inner\">\n\t\t\t\t<div class=\"elementor-element elementor-element-bb7be57 elementor-widget elementor-widget-heading\" data-id=\"bb7be57\" data-element_type=\"widget\" data-e-type=\"widget\" data-widget_type=\"heading.default\">\n\t\t\t\t<div class=\"elementor-widget-container\">\n\t\t\t\t\t<h1 class=\"elementor-heading-title elementor-size-default\">Tietosuojak\u00e4yt\u00e4nt\u00f6 <\/h1>\t\t\t\t<\/div>\n\t\t\t\t<\/div>\n\t\t\t\t\t<\/div>\n\t\t\t\t<\/div>\n\t\t<div class=\"elementor-element elementor-element-7ebc5d6d e-flex e-con-boxed e-con e-parent\" data-id=\"7ebc5d6d\" data-element_type=\"container\" data-e-type=\"container\">\n\t\t\t\t\t<div class=\"e-con-inner\">\n\t\t\t\t<div class=\"elementor-element elementor-element-54271480 elementor-widget elementor-widget-text-editor\" data-id=\"54271480\" data-element_type=\"widget\" data-e-type=\"widget\" data-widget_type=\"text-editor.default\">\n\t\t\t\t<div class=\"elementor-widget-container\">\n\t\t\t\t\t\t\t\t\t<h2>Tietosuojaseloste ja cookies<\/h2>\n<p>T\u00e4m\u00e4 tietosuojak\u00e4yt\u00e4nt\u00f6 kuvaa, kuinka k\u00e4yt\u00e4mme ja suojaamme antamiasi tietoja, kun vierailet verkkosivustollamme www.ingves.fi. Arvostamme yksityisyytt\u00e4si, mik\u00e4 tarkoittaa, ett\u00e4 ker\u00e4\u00e4mme ja k\u00e4sittelemme henkil\u00f6tietoja aina vastuullisesti yksityisyytesi mieless\u00e4 pit\u00e4en. <\/p>\n<p>K\u00e4yt\u00e4mme henkil\u00f6tietoja t\u00e4ytt\u00e4\u00e4ksemme lakis\u00e4\u00e4teiset ja sovitut velvollisuudet ja voidaksemme antaa teille tarjouksia sek\u00e4 antaa neuvontaa tuotteista ja palveluista.<\/p>\n<p>Tietosuojaselosteessa kerromme tarkemmin mm. mit\u00e4 henkil\u00f6tietoja me ker\u00e4\u00e4mme, mist\u00e4 tietoja hankimme ja mihin niit\u00e4 k\u00e4yt\u00e4mme sek\u00e4 miss\u00e4 tilanteissa ja mill\u00e4 perusteella tietoja luovutamme eteenp\u00e4in. Lis\u00e4ksi kerromme rekister\u00f6ityjen oikeuksista omiin henkil\u00f6tietoihin liittyen.  <\/p>\n<p>Jos sinulla on kysytt\u00e4v\u00e4\u00e4 tietosuojaan tai henkil\u00f6tietoihin liittyen, pyyd\u00e4mme ottamaan yhteytt\u00e4 meihin. Yhteystietomme l\u00f6ytyv\u00e4t alla olevasta osionohjaimesta. <\/p>\n<h2>Ev\u00e4steiden k\u00e4ytt\u00f6 (Cookies)<\/h2>\n<p>Ev\u00e4steet ovat tekstitiedostoja, jotka tallennetaan tietokoneesi selaimeen ja jotka ker\u00e4\u00e4v\u00e4t internet-lokitietoja ja tietoja k\u00e4vij\u00f6iden k\u00e4ytt\u00e4ytymisest\u00e4. N\u00e4m\u00e4 tiedot auttavat meit\u00e4 analysoimaan verkkosivuston liikennetietoja sek\u00e4 parantamaan verkkosivustoamme ja r\u00e4\u00e4t\u00e4l\u00f6im\u00e4\u00e4n sit\u00e4 asiakkaiden tarpeisiin. K\u00e4yt\u00e4mme n\u00e4it\u00e4 tietoja tilastollisiin analyysitarkoituksiin ja mahdollisesti markkinoinnin kohdentamiseen.  <\/p>\n<p>Ev\u00e4steit\u00e4 k\u00e4ytet\u00e4\u00e4n my\u00f6s saman k\u00e4vij\u00e4istunnon hallintaan verkkosivuston sivujen selaamisen aikana. Emme tallenna henkil\u00f6tietoja tai muita arkaluonteisia tietoja ev\u00e4steisiin. <\/p>\n<p>Voit asettaa selaimesi olemaan hyv\u00e4ksym\u00e4tt\u00e4 ev\u00e4steit\u00e4. T\u00e4m\u00e4 voi kuitenkin est\u00e4\u00e4 sinua hy\u00f6dynt\u00e4m\u00e4st\u00e4 verkkosivustoa t\u00e4ysim\u00e4\u00e4r\u00e4isesti. <\/p>\n<h3>Vierailijatilastojen ja analytiikan k\u00e4ytt\u00f6<\/h3>\n<p>T\u00e4m\u00e4 sivusto k\u00e4ytt\u00e4\u00e4 Google Analyticsia, webanalytiikan palvelua jonka tarjoaa Google Inc. Google Analytics k\u00e4ytt\u00e4\u00e4 niin sanottuja \u201cev\u00e4steit\u00e4\u201d, tekstitiedostoja, jotka tallennetaan tietokoneellesi ja jotka mahdollistavat k\u00e4ytt\u00e4m\u00e4si sivuston k\u00e4yt\u00f6n analysoinnin. T\u00e4ll\u00e4 sivustolla on aktivoitu IP anonyymisointi, joka tarkoittaa ett vain poikkeustapauksissa koko IP-osoite siirret\u00e4\u00e4n Googlen palvelimelle ja lyhennet\u00e4\u00e4n siell\u00e4. T\u00e4m\u00e4n sivuston operaattori k\u00e4ytt\u00e4\u00e4 n\u00e4it\u00e4 tietoja verkkosivuston k\u00e4yt\u00f6n arviointiin, kokoaa raportteja sivuston toiminnasta ja tarjoaa muita palveluja, jotka liittyv\u00e4t kotisivujen k\u00e4ytt\u00f6m\u00e4\u00e4riin ja internetin k\u00e4ytt\u00f6\u00f6n. T\u00e4st\u00e4 vastaa sivuston yll\u00e4pit\u00e4j\u00e4. Selaimen osana l\u00e4hett\u00e4m\u00e4\u00e4 IP-osoitetta Google Analytics:iin ei yhdistet\u00e4 muihin Googlen tietoihin. Voit est\u00e4\u00e4 ev\u00e4steiden tallentamisen asettamalla selainohjelmanne asetukset. Haluamme kuitenkin huomauttaa, ett\u00e4 t\u00e4ss\u00e4 tapauksessa et ehk\u00e4 pysty t\u00e4ysin hy\u00f6dynt\u00e4m\u00e4\u00e4n kaikkia toimintoja t\u00e4ll\u00e4 sivustolla.        <\/p>\n<h3>Uudelleenmarkkinointi (remarketing)<\/h3>\n<p>T\u00e4m\u00e4 sivusto voi my\u00f6s k\u00e4ytt\u00e4\u00e4 ev\u00e4steit\u00e4 uudelleenmarkkinointitarkoituksiin. T\u00e4m\u00e4ntyyppiset tiedot ovat my\u00f6s nimett\u00f6mi\u00e4, joten henkil\u00f6kohtaisia tietoja tai k\u00e4ytt\u00e4j\u00e4profiileja ei tallenneta. <\/p>\n<h3>Uutiskirje<\/h3>\n<p>Jos p\u00e4\u00e4t\u00e4t tilata uutiskirjeemme, tiedot tallennetaan uutiskirjeen postitusj\u00e4rjestelm\u00e4\u00e4n. Voit peruuttaa t\u00e4m\u00e4n tilauksen milloin tahansa napsauttamalla uutiskirjeen alaosassa olevaa lopetuslinkki\u00e4. Voit my\u00f6s ottaa meihin yhteytt\u00e4 suoraan ja pyyt\u00e4\u00e4 poistamista postituslistalta.  <\/p>\n<h3>Muut sivustot<\/h3>\n<p>Sivustomme voi sis\u00e4lt\u00e4\u00e4 linkkej\u00e4 muihin kiinnostaviin verkkosivustoihin. Emme kuitenkaan voi valvoa muita sivustoja, kun j\u00e4t\u00e4t meid\u00e4n sivustot. Siksi emme voi olla vastuussa muiden sivustojen vierailun aikana antamiesi tietojen suojaamisesta tai yksityisyydest\u00e4. N\u00e4m\u00e4 tietosuojak\u00e4yt\u00e4nn\u00f6t eiv\u00e4t koske n\u00e4it\u00e4 sivuja. Sinun pit\u00e4isi olla valppaana ja lukea kaikki luottamuksellisuutta koskevat sopimukset kyseiselt\u00e4 verkkosivustolta.    <\/p>\n<h2>Tietosuojaseloste<\/h2>\n<p>T\u00e4m\u00e4 tietosuojaseloste kuvaa miten ker\u00e4\u00e4mme, k\u00e4yt\u00e4mme, tallennamme ja suojaamme henkil\u00f6kohtaisia tietojasi. Kun kirjoitamme \u201csin\u00e4\u201d, tarkoitamme sinua asiakkaana, potentiaalisena asiakkaana tai muuna asianomaisena. <\/p>\n<h3>Henkil\u00f6tietojen k\u00e4sittelyn peruste ja tarkoitus<\/h3>\n<p>K\u00e4yt\u00e4mme henkil\u00f6tietoja t\u00e4ytt\u00e4\u00e4ksemme lakis\u00e4\u00e4teiset ja sovitut velvoitteemme sek\u00e4 tarjotaksemme sinulle k\u00e4ytt\u00e4j\u00e4yst\u00e4v\u00e4llisempi\u00e4 palveluita.<\/p>\n<h3>Mit\u00e4 tietoja ker\u00e4\u00e4mme sinusta?<\/h3>\n<p>Ker\u00e4\u00e4mme tietoja sinusta, kun rekister\u00f6idyt meille tai tilaat tuotteita tai palveluita. Ker\u00e4\u00e4mme my\u00f6s tietoja, kun suoritat vapaaehtoisesti asiakastutkimuksia, annat palautetta, tilaat uutiskirjeit\u00e4 ja otat meihin yhteytt\u00e4. Verkkosivuston k\u00e4ytt\u00f6tiedot ker\u00e4t\u00e4\u00e4n ev\u00e4steiden avulla.  <\/p>\n<p>Kun otat meihin yhteytt\u00e4, k\u00e4sittelemme seuraavat henkil\u00f6tiedot:<\/p>\n<ul>\n<li><strong>Henkil\u00f6- ja yhteystiedot&nbsp;<\/strong> nimi, s\u00e4hk\u00f6postiosoite, matkapuhelinnumero jne.<\/li>\n<\/ul>\n<p>Kun aloitat asiakassuhteen, k\u00e4sittelemme seuraavat henkil\u00f6tiedot:<\/p>\n<ul>\n<li><strong>Henkil\u00f6- ja yhteystiedot&nbsp;<\/strong>\u2013 nimi, s\u00e4hk\u00f6postiosoite, matkapuhelinnumero jne.<\/li>\n<li><strong>Tiedot matkoista\/palveluista<\/strong> \u2013 tiedot ostamistasi matkoista\/palveluista.\n<br><br><\/li>\n<\/ul>\n<p>Asiakkaidemme tunnistamiseksi ker\u00e4tyt tiedot ovat edellytys asiakassuhteen aloittamiselle. Ilman tarvittavia henkil\u00f6tietoja emme voi tarjota palveluja ja tuotteita. <\/p>\n<p><i>Emme tallenna mit\u00e4\u00e4n arkaluonteisia tietoja, kuten henkil\u00f6tunnusta (sosiaaliturvatunnus) ja maksu- tai luottokortin numeroa.<\/i><\/p>\n<h3>Mist\u00e4 l\u00e4hteist\u00e4 me ker\u00e4\u00e4mme asiakastietoja?<\/h3>\n<p>Henkil\u00f6tietojesi ker\u00e4\u00e4minen tapahtuu, kun annat tietosi liittyen uutiskirjeen tilaamiseen, palveluiden ja\/tai tuotteiden tilaamiseen meilt\u00e4 tai ottaessasi meihin yhteytt\u00e4.<\/p>\n<h3>Miten k\u00e4yt\u00e4mme asiakastietoja?<\/h3>\n<p>Pid\u00e4mme henkil\u00f6tiedot luottamuksellisina. Henkil\u00f6tietoja sis\u00e4lt\u00e4v\u00e4n j\u00e4rjestelm\u00e4n k\u00e4ytt\u00f6\u00f6n ovat oikeutettuja vain ne ty\u00f6ntekij\u00e4mme, joilla ty\u00f6ns\u00e4 puolesta on oikeus k\u00e4sitell\u00e4 asiakastietoja. Koko henkil\u00f6kuntaamme koskee luottamuksellisen tiedon k\u00e4ytt\u00f6- ja ilmaisukielto. Kullakin k\u00e4ytt\u00e4j\u00e4ll\u00e4 on oma k\u00e4ytt\u00e4j\u00e4tunnus ja salasana j\u00e4rjestelm\u00e4\u00e4n. Tiedot ker\u00e4t\u00e4\u00e4n tietokantoihin, jotka ovat palomuurein, salasanoin ja muilla teknisill\u00e4 keinoilla suojattuja. Tietokannat ja niiden varmuuskopiot sijaitsevat lukituissa tiloissa ja tietoihin p\u00e4\u00e4sev\u00e4t k\u00e4siksi vain tietyt ennalta nimetyt henkil\u00f6t.     <\/p>\n<p>Ohjeistamme henkil\u00f6tietojen k\u00e4sittelyyn osallistuvaa henkil\u00f6st\u00f6\u00e4mme henkil\u00f6tietojen asianmukaisesta k\u00e4sittelyst\u00e4 ja niiden luottamuksellisuudesta. Lis\u00e4ksi me huolehdimme henkil\u00f6kunnan riitt\u00e4v\u00e4st\u00e4 asiantuntemuksesta jatkuvasti. <\/p>\n<h3>Kenelle voimme jakaa asiakastietoja?<\/h3>\n<p>Jaamme my\u00f6s henkil\u00f6kohtaisia tietojasi tietyille yrityksille, jotka ovat itsen\u00e4isesti vastuussa henkil\u00f6tiedoista. T\u00e4m\u00e4 tarkoittaa sit\u00e4, ett\u00e4 emme hallitse sit\u00e4, miten yhti\u00f6lle annettuja tietoja k\u00e4sitell\u00e4\u00e4n. <\/p>\n<p>Riippumattomat rekisterinpit\u00e4j\u00e4t, joiden kanssa jaamme henkil\u00f6kohtaisia tietoja ovat:<\/p>\n<ul>\n<li>Valtion viranomaiset (poliisi, veroviranomaiset tai muut viranomaiset), jos meill\u00e4 on lakis\u00e4\u00e4teinen velvollisuus tai jos ep\u00e4ill\u00e4\u00e4n rikollisuutta.<\/li>\n<li>Yritykset, jotka hoitavat erilaisia \u200b\u200bkuljetuksia (linja-autoyhti\u00f6t, lentoyhti\u00f6t, laivayhti\u00f6t ja muut kuljetusyritykset).<\/li>\n<li>Hotelleja<\/li>\n<li>Matkatoimistot, jotka hoitavat varauksiamme eri matkakohteisiin.<\/li>\n<li>Yritykset, jotka tarjoavat maksuratkaisuja (pankit ja muut maksupalveluntarjoajat).<\/li>\n<li>Markkinointi (uutiskirje).<\/li>\n<li>IT-palvelut (yritykset, jotka k\u00e4sittelev\u00e4t tarvittavia toimintoja, teknist\u00e4 tukea ja yll\u00e4pitoa IT-ratkaisumme).\n<br><br><\/li>\n<\/ul>\n<p>Kun henkil\u00f6kohtaisia tietojasi jaetaan sellaisen yrityksen kanssa, joka on itsen\u00e4isesti vastuussa henkil\u00f6tiedoista, se noudattaa sen yrityksen tietosuojak\u00e4yt\u00e4nt\u00f6\u00e4 ja henkil\u00f6tietojen hallintaa.<\/p>\n<h3>Kuinka kauan tallennamme tiedot?<\/h3>\n<p>S\u00e4ilyt\u00e4mme henkil\u00f6kohtaiset tiedot niin kauan kuin k\u00e4yt\u00e4t palveluitamme. Tallennamme laskutustietoja kymmenen vuoden ajan, mik\u00e4 on verolains\u00e4\u00e4d\u00e4nn\u00f6n edellytt\u00e4m\u00e4, jota voidaan k\u00e4ytt\u00e4\u00e4 koe- tai muihin laillisiin tarkoituksiin. <\/p>\n<p>Jos haluat, ett\u00e4 henkil\u00f6kohtaiset tiedot poistetaan, p\u00e4ivitet\u00e4\u00e4n tai muutetaan, ota meihin yhteytt\u00e4.&nbsp;<\/p>\n<h3>Oikeus n\u00e4hd\u00e4 itsest\u00e4 tallennetut henkil\u00f6tiedot ja korjaus<\/h3>\n<p>Sinulla on oikeus pyyt\u00e4\u00e4 kopio hallussamme olevista sinua koskevista tiedoista. Jos haluat kopion joistakin tai kaikista henkil\u00f6tiedoistasi, l\u00e4het\u00e4 meille s\u00e4hk\u00f6postia osoitteeseen info(at)ingves.fi. Annamme n\u00e4m\u00e4 tiedot maksutta.  <\/p>\n<p>Haluamme varmistaa, ett\u00e4 henkil\u00f6kohtaiset tiedot ovat tarkkoja ja ajantasaisia. Voit pyyt\u00e4\u00e4 meit\u00e4 korjaamaan tai poistamaan virheellisi\u00e4 tietoja. <\/p>\n<p>Huomaa, ett\u00e4 joillakin teht\u00e4vill\u00e4 meill\u00e4 on lakis\u00e4\u00e4teinen velvollisuus tallentaa tuotteiden ja palveluiden ostamiseen liittyv\u00e4t laskutustietosi 10 vuoden ajan nykyisen verolains\u00e4\u00e4d\u00e4nn\u00f6n mukaisesti.<\/p>\n<h3>Tietosuojaselosteen muutos<\/h3>\n<p>T\u00e4t\u00e4 selostetta p\u00e4ivitet\u00e4\u00e4n toimintamme kehittyess\u00e4 taikka s\u00e4\u00e4ntelyn muuttuessa. Mik\u00e4li muutokset ovat merkitt\u00e4vi\u00e4, pyrimme informoimaan n\u00e4ist\u00e4 my\u00f6s muulla tavoin, kuten laittamalla sivuillemme asiasta ilmoituksen. Suosittelemme s\u00e4\u00e4nn\u00f6llist\u00e4 vierailua sivuillamme ja mahdollisten rekisteriselosteen muutosten seuraamista. Noudatamme EU: n tietosuoja-asetusta (GDPR). <\/p>\n<p>T\u00e4m\u00e4 tietosuojakuvaus p\u00e4ivitettiin viimeist\u00e4\u00e4n 14. elokuuta 2025.<\/p>\n<h3>Rekisterinpit\u00e4j\u00e4<\/h3>\n<p>Ingsva Resor &#8211; Matkat Ab Oy<br>Y-tunnus:&nbsp;0296129-4&nbsp;<br>Terminalv\u00e4gen 4<br>64200 N\u00c4RPPI\u00d6<br>FINLAND<\/p>\n<h3>Miten otat meihin yhteytt\u00e4?<\/h3>\n<p>Ota yhteytt\u00e4, jos sinulla on kysytt\u00e4v\u00e4\u00e4 tietosuojan kuvauksesta tai tiedoista sinusta.<\/p>\n<p>S\u00e4hk\u00f6posti: info(at)ingves.fi tai kirjoita meille yll\u00e4 olevaan osoitteeseen (rekisterinpit\u00e4j\u00e4).<\/p>\t\t\t\t\t\t\t\t<\/div>\n\t\t\t\t<\/div>\n\t\t\t\t\t<\/div>\n\t\t\t\t<\/div>\n\t\t\t\t<\/div>\n\t\t","protected":false},"excerpt":{"rendered":"<p>Tietosuojak\u00e4yt\u00e4nt\u00f6 Tietosuojaseloste ja cookies T\u00e4m\u00e4 tietosuojak\u00e4yt\u00e4nt\u00f6 kuvaa, kuinka k\u00e4yt\u00e4mme ja suojaamme antamiasi tietoja, kun vierailet verkkosivustollamme www.ingves.fi. Arvostamme yksityisyytt\u00e4si, mik\u00e4 tarkoittaa, ett\u00e4 ker\u00e4\u00e4mme ja k\u00e4sittelemme henkil\u00f6tietoja aina vastuullisesti yksityisyytesi mieless\u00e4 pit\u00e4en. K\u00e4yt\u00e4mme henkil\u00f6tietoja t\u00e4ytt\u00e4\u00e4ksemme lakis\u00e4\u00e4teiset ja sovitut velvollisuudet ja voidaksemme antaa teille tarjouksia sek\u00e4 antaa neuvontaa tuotteista ja palveluista. Tietosuojaselosteessa kerromme tarkemmin mm. mit\u00e4 henkil\u00f6tietoja [&hellip;]<\/p>\n","protected":false},"author":1,"featured_media":0,"parent":0,"menu_order":0,"comment_status":"closed","ping_status":"open","template":"","meta":{"footnotes":""},"class_list":["post-1093","page","type-page","status-publish","hentry"],"_links":{"self":[{"href":"https:\/\/www.ingves.fi\/fi\/wp-json\/wp\/v2\/pages\/1093","targetHints":{"allow":["GET"]}}],"collection":[{"href":"https:\/\/www.ingves.fi\/fi\/wp-json\/wp\/v2\/pages"}],"about":[{"href":"https:\/\/www.ingves.fi\/fi\/wp-json\/wp\/v2\/types\/page"}],"author":[{"embeddable":true,"href":"https:\/\/www.ingves.fi\/fi\/wp-json\/wp\/v2\/users\/1"}],"replies":[{"embeddable":true,"href":"https:\/\/www.ingves.fi\/fi\/wp-json\/wp\/v2\/comments?post=1093"}],"version-history":[{"count":26,"href":"https:\/\/www.ingves.fi\/fi\/wp-json\/wp\/v2\/pages\/1093\/revisions"}],"predecessor-version":[{"id":8378,"href":"https:\/\/www.ingves.fi\/fi\/wp-json\/wp\/v2\/pages\/1093\/revisions\/8378"}],"wp:attachment":[{"href":"https:\/\/www.ingves.fi\/fi\/wp-json\/wp\/v2\/media?parent=1093"}],"curies":[{"name":"wp","href":"https:\/\/api.w.org\/{rel}","templated":true}]}}